{"id":962,"date":"2025-03-20T21:07:16","date_gmt":"2025-03-20T21:07:16","guid":{"rendered":"https:\/\/evkusu.com.tr\/?post_type=product&#038;p=962"},"modified":"2025-04-17T12:46:37","modified_gmt":"2025-04-17T12:46:37","slug":"bicoat-serisi-tekli-karniyarik-tencere-black-24-numara","status":"publish","type":"product","link":"https:\/\/evkusu.com.tr\/?product=bicoat-serisi-tekli-karniyarik-tencere-black-24-numara","title":{"rendered":"Bicoat Serisi Tekli Karn\u0131yar\u0131k Tencere (Black) &#8211; 24 Numara"},"content":{"rendered":"<p class=\"p1\">Bicoat Serisi Tekli Karn\u0131yar\u0131k Tencere (Black)<\/p>\n<p class=\"p3\">\u2022<span class=\"Apple-tab-span\">\u00a0<\/span>Bicoat Kaplama: 30.000 s\u00fcrt\u00fcnme testinden ba\u015far\u0131yla ge\u00e7mi\u015f Bicoat kaplama, tencerenin uzun \u00f6m\u00fcrl\u00fc ve \u00e7izilmelere kar\u015f\u0131 dayan\u0131kl\u0131 olmas\u0131n\u0131 sa\u011flar.<\/p>\n<p class=\"p3\">\u2022<span class=\"Apple-tab-span\">\u00a0<\/span>Geni\u015f ve Derin Tasar\u0131m: \u00d6zellikle karn\u0131yar\u0131k, dolma ve sulu yemekler i\u00e7in ideal geni\u015flikte ve derinlikte, m\u00fckemmel pi\u015firme deneyimi sunar.<\/p>\n<p class=\"p3\">\u2022<span class=\"Apple-tab-span\">\u00a0<\/span>Y\u00fcksek Kaliteli Malzeme: Paslanmaz \u00e7elikten \u00fcretilmi\u015f olup, y\u00fcksek \u0131s\u0131ya dayan\u0131kl\u0131d\u0131r ve dengeli \u0131s\u0131 da\u011f\u0131l\u0131m\u0131 sa\u011flar.<\/p>\n<p class=\"p3\">\u2022<span class=\"Apple-tab-span\">\u00a0<\/span>Ergonomik Saplar: G\u00fcvenli ve rahat kullan\u0131m i\u00e7in ergonomik tasar\u0131ma sahip saplar.<\/p>\n<p class=\"p1\">NBL Bicoat Serisi Tekli Karn\u0131yar\u0131k Tencere (Black), mutfa\u011f\u0131n\u0131z\u0131n vazge\u00e7ilmez bir par\u00e7as\u0131 olacak. Noble Life olarak, her zaman \u00fcr\u00fcnlerimizin arkas\u0131nday\u0131z ve kaliteyi garanti ediyoruz.<\/p>\n","protected":false},"excerpt":{"rendered":"<p>Bicoat Serisi Tekli Karn\u0131yar\u0131k Tencere (Black) \u2022\u00a0Bicoat Kaplama: 30.000 s\u00fcrt\u00fcnme testinden ba\u015far\u0131yla ge\u00e7mi\u015f Bicoat kaplama, tencerenin uzun \u00f6m\u00fcrl\u00fc ve \u00e7izilmelere kar\u015f\u0131 dayan\u0131kl\u0131 olmas\u0131n\u0131 sa\u011flar. \u2022\u00a0Geni\u015f ve Derin Tasar\u0131m: \u00d6zellikle karn\u0131yar\u0131k, dolma ve sulu yemekler i\u00e7in ideal geni\u015flikte ve derinlikte, m\u00fckemmel &hellip; <\/p>\n","protected":false},"featured_media":963,"template":"","meta":{"om_disable_all_campaigns":false,"_monsterinsights_skip_tracking":false,"_monsterinsights_sitenote_active":false,"_monsterinsights_sitenote_note":"","_monsterinsights_sitenote_category":0},"product_brand":[],"product_cat":[31,38],"product_tag":[],"class_list":{"0":"post-962","1":"product","2":"type-product","3":"status-publish","4":"has-post-thumbnail","6":"product_cat-flower","7":"product_cat-pisirmegrubu","8":"product_shipping_class-agir-urunler","9":"latest_post","11":"first","12":"instock","13":"sale","14":"taxable","15":"shipping-taxable","16":"purchasable","17":"product-type-simple"},"aioseo_notices":[],"_links":{"self":[{"href":"https:\/\/evkusu.com.tr\/index.php?rest_route=\/wp\/v2\/product\/962","targetHints":{"allow":["GET"]}}],"collection":[{"href":"https:\/\/evkusu.com.tr\/index.php?rest_route=\/wp\/v2\/product"}],"about":[{"href":"https:\/\/evkusu.com.tr\/index.php?rest_route=\/wp\/v2\/types\/product"}],"wp:featuredmedia":[{"embeddable":true,"href":"https:\/\/evkusu.com.tr\/index.php?rest_route=\/wp\/v2\/media\/963"}],"wp:attachment":[{"href":"https:\/\/evkusu.com.tr\/index.php?rest_route=%2Fwp%2Fv2%2Fmedia&parent=962"}],"wp:term":[{"taxonomy":"product_brand","embeddable":true,"href":"https:\/\/evkusu.com.tr\/index.php?rest_route=%2Fwp%2Fv2%2Fproduct_brand&post=962"},{"taxonomy":"product_cat","embeddable":true,"href":"https:\/\/evkusu.com.tr\/index.php?rest_route=%2Fwp%2Fv2%2Fproduct_cat&post=962"},{"taxonomy":"product_tag","embeddable":true,"href":"https:\/\/evkusu.com.tr\/index.php?rest_route=%2Fwp%2Fv2%2Fproduct_tag&post=962"}],"curies":[{"name":"wp","href":"https:\/\/api.w.org\/{rel}","templated":true}]}}