{"id":899,"date":"2025-03-17T22:46:41","date_gmt":"2025-03-17T22:46:41","guid":{"rendered":"https:\/\/evkusu.com.tr\/?post_type=product&#038;p=899"},"modified":"2025-04-17T12:35:04","modified_gmt":"2025-04-17T12:35:04","slug":"azur-4lu-tencere-seti","status":"publish","type":"product","link":"https:\/\/evkusu.com.tr\/?product=azur-4lu-tencere-seti","title":{"rendered":"Azur 4&#8217;l\u00fc Tencere Seti"},"content":{"rendered":"<p class=\"p1\">Azur 4\u2019l\u00fc Tencere Seti, mutfakta ihtiya\u00e7 duydu\u011funuz estetik ve pratikli\u011fi bir arada sunan m\u00fckemmel bir se\u00e7enektir. Bu set, her biri farkl\u0131 boyutlarda olan 16 cm, 18 cm, 22 cm tencereler ve \u00f6zel olarak tasarlanm\u0131\u015f 24 cm karn\u0131yar\u0131k tenceresi ile mutfakta \u00e7ok y\u00f6nl\u00fc kullan\u0131m imkan\u0131 sa\u011flar. G\u00f6z al\u0131c\u0131 estetik kapaklar\u0131 ve \u015f\u0131k tasar\u0131m\u0131yla mutfa\u011f\u0131n\u0131za zarif bir dokunu\u015f katan bu tencereler, her t\u00fcrl\u00fc yeme\u011fi en ideal ko\u015fullarda pi\u015firmenize olanak tan\u0131r.<\/p>\n<p class=\"p1\">\u00c7elik malzemeden \u00fcretilen tencereler, yemeklerinizi e\u015fit bir \u015fekilde pi\u015firerek, lezzetini maksimum d\u00fczeyde korur. Ayn\u0131 zamanda, uzun s\u00fcre s\u0131cak tutma \u00f6zelli\u011fi sayesinde, yemeklerinizin demlenerek daha da lezzetli olmas\u0131n\u0131 sa\u011flar. Yemek pi\u015firirken, ihtiyac\u0131n\u0131za g\u00f6re farkl\u0131 boyutlardaki tencereleri kullanarak hem pi\u015firme hem de saklama \u00e7\u00f6z\u00fcmleri sunar. \u00d6rne\u011fin, artan yemeklerinizi daha k\u00fc\u00e7\u00fck boyuttaki tencerelerde buzdolab\u0131nda saklayabilir, b\u00f6ylece her seferinde tazeli\u011fini koruyan yemekler elde edebilirsiniz.<\/p>\n<p class=\"p1\">NBL Azur 4\u2019l\u00fc Tencere Seti, sadece bir pi\u015firme arac\u0131 de\u011fil, ayn\u0131 zamanda mutfa\u011f\u0131n\u0131zda bir stil ve i\u015flevsellik unsuru olarak da \u00f6ne \u00e7\u0131kar. Hem evde g\u00fcnl\u00fck kullan\u0131m i\u00e7in ideal, hem de profesyonel mutfaklarda kullan\u0131ma uygun bu set, dayan\u0131kl\u0131l\u0131\u011f\u0131 ve \u015f\u0131kl\u0131\u011f\u0131 ile mutfakta en b\u00fcy\u00fck yard\u0131mc\u0131n\u0131z olacak. Bu tencere seti ile her yemek, bir ziyafete d\u00f6n\u00fc\u015fecek. Evku\u015fu Home kalitesi ile \u00fcretilen bu set, mutfa\u011f\u0131n\u0131za uzun \u00f6m\u00fcrl\u00fc bir de\u011fer katacak.<\/p>\n","protected":false},"excerpt":{"rendered":"<p>Azur 4\u2019l\u00fc Tencere Seti, mutfakta ihtiya\u00e7 duydu\u011funuz estetik ve pratikli\u011fi bir arada sunan m\u00fckemmel bir se\u00e7enektir. Bu set, her biri farkl\u0131 boyutlarda olan 16 cm, 18 cm, 22 cm tencereler ve \u00f6zel olarak tasarlanm\u0131\u015f 24 cm karn\u0131yar\u0131k tenceresi ile mutfakta &hellip; <\/p>\n","protected":false},"featured_media":900,"template":"","meta":{"om_disable_all_campaigns":false,"_monsterinsights_skip_tracking":false,"_monsterinsights_sitenote_active":false,"_monsterinsights_sitenote_note":"","_monsterinsights_sitenote_category":0},"product_brand":[],"product_cat":[31,38],"product_tag":[47,55,45,60,61],"class_list":{"0":"post-899","1":"product","2":"type-product","3":"status-publish","4":"has-post-thumbnail","6":"product_cat-flower","7":"product_cat-pisirmegrubu","8":"product_tag-ceyiz","9":"product_tag-evdekarasyonu","10":"product_tag-mutfak","11":"product_tag-tencere","12":"product_tag-yemek","13":"product_shipping_class-agir-urunler","14":"latest_post","16":"first","17":"instock","18":"sale","19":"taxable","20":"shipping-taxable","21":"purchasable","22":"product-type-simple"},"aioseo_notices":[],"_links":{"self":[{"href":"https:\/\/evkusu.com.tr\/index.php?rest_route=\/wp\/v2\/product\/899","targetHints":{"allow":["GET"]}}],"collection":[{"href":"https:\/\/evkusu.com.tr\/index.php?rest_route=\/wp\/v2\/product"}],"about":[{"href":"https:\/\/evkusu.com.tr\/index.php?rest_route=\/wp\/v2\/types\/product"}],"wp:featuredmedia":[{"embeddable":true,"href":"https:\/\/evkusu.com.tr\/index.php?rest_route=\/wp\/v2\/media\/900"}],"wp:attachment":[{"href":"https:\/\/evkusu.com.tr\/index.php?rest_route=%2Fwp%2Fv2%2Fmedia&parent=899"}],"wp:term":[{"taxonomy":"product_brand","embeddable":true,"href":"https:\/\/evkusu.com.tr\/index.php?rest_route=%2Fwp%2Fv2%2Fproduct_brand&post=899"},{"taxonomy":"product_cat","embeddable":true,"href":"https:\/\/evkusu.com.tr\/index.php?rest_route=%2Fwp%2Fv2%2Fproduct_cat&post=899"},{"taxonomy":"product_tag","embeddable":true,"href":"https:\/\/evkusu.com.tr\/index.php?rest_route=%2Fwp%2Fv2%2Fproduct_tag&post=899"}],"curies":[{"name":"wp","href":"https:\/\/api.w.org\/{rel}","templated":true}]}}