{"id":896,"date":"2025-03-17T22:43:33","date_gmt":"2025-03-17T22:43:33","guid":{"rendered":"https:\/\/evkusu.com.tr\/?post_type=product&#038;p=896"},"modified":"2025-04-17T12:35:05","modified_gmt":"2025-04-17T12:35:05","slug":"azur-3lu-tencere-seti","status":"publish","type":"product","link":"https:\/\/evkusu.com.tr\/?product=azur-3lu-tencere-seti","title":{"rendered":"Azur 3&#8217;l\u00fc Tencere Seti"},"content":{"rendered":"<p class=\"p1\"><b>6 Par\u00e7a \u00c7elik Tencere Seti<\/b>, mutfakta \u00fcst\u00fcn performans ve uzun \u00f6m\u00fcr sunar. 18\/10 Cr. Ni. (Krom Nikel) 304 y\u00fcksek kaliteli paslanmaz \u00e7elikten \u00fcretilmi\u015f g\u00f6vde ve kapa\u011fa sahiptir. Bu malzeme, tencerelerinizin dayan\u0131kl\u0131l\u0131\u011f\u0131n\u0131 art\u0131r\u0131r ve paslanmaya kar\u015f\u0131 diren\u00e7 sa\u011flar.<\/p>\n<p class=\"p1\">Tencere seti, \u0131s\u0131ya dayan\u0131kl\u0131 ergonomik \u00e7elik saplarla donat\u0131lm\u0131\u015ft\u0131r, b\u00f6ylece pi\u015firme s\u0131ras\u0131nda g\u00fcvenli ve rahat bir tutu\u015f sunar. Dengeli \u0131s\u0131 da\u011f\u0131l\u0131m\u0131 sa\u011flayan termik taban, yiyeceklerin e\u015fit \u015fekilde pi\u015fmesine yard\u0131mc\u0131 olur ve enerji verimlili\u011fini art\u0131r\u0131r. Set, 14, 16 ve 18 cm boyutlar\u0131ndaki \u00fc\u00e7 tencereyi i\u00e7erir, bu da farkl\u0131 pi\u015firme ihtiya\u00e7lar\u0131n\u0131z\u0131 kar\u015f\u0131lamak i\u00e7in idealdir.<\/p>\n<p class=\"p1\">Ayr\u0131ca, bu tencere seti bula\u015f\u0131k makinesinde y\u0131kanabilir, bu da temizlik i\u015flemini h\u0131zl\u0131 ve kolay hale getirir. Evku\u015fu Home<b>\u00a06 Par\u00e7a \u00c7elik Tencere Seti<\/b>, hem g\u00fcnl\u00fck kullan\u0131m hem de \u00f6zel yemekler i\u00e7in m\u00fckemmel bir se\u00e7imdir.<\/p>\n","protected":false},"excerpt":{"rendered":"<p>6 Par\u00e7a \u00c7elik Tencere Seti, mutfakta \u00fcst\u00fcn performans ve uzun \u00f6m\u00fcr sunar. 18\/10 Cr. Ni. (Krom Nikel) 304 y\u00fcksek kaliteli paslanmaz \u00e7elikten \u00fcretilmi\u015f g\u00f6vde ve kapa\u011fa sahiptir. Bu malzeme, tencerelerinizin dayan\u0131kl\u0131l\u0131\u011f\u0131n\u0131 art\u0131r\u0131r ve paslanmaya kar\u015f\u0131 diren\u00e7 sa\u011flar. Tencere seti, \u0131s\u0131ya &hellip; <\/p>\n","protected":false},"featured_media":898,"template":"","meta":{"om_disable_all_campaigns":false,"_monsterinsights_skip_tracking":false,"_monsterinsights_sitenote_active":false,"_monsterinsights_sitenote_note":"","_monsterinsights_sitenote_category":0},"product_brand":[],"product_cat":[31,38],"product_tag":[47,55,45,60,61],"class_list":{"0":"post-896","1":"product","2":"type-product","3":"status-publish","4":"has-post-thumbnail","6":"product_cat-flower","7":"product_cat-pisirmegrubu","8":"product_tag-ceyiz","9":"product_tag-evdekarasyonu","10":"product_tag-mutfak","11":"product_tag-tencere","12":"product_tag-yemek","13":"product_shipping_class-agir-urunler","14":"latest_post","16":"first","17":"instock","18":"sale","19":"taxable","20":"shipping-taxable","21":"purchasable","22":"product-type-simple"},"aioseo_notices":[],"_links":{"self":[{"href":"https:\/\/evkusu.com.tr\/index.php?rest_route=\/wp\/v2\/product\/896","targetHints":{"allow":["GET"]}}],"collection":[{"href":"https:\/\/evkusu.com.tr\/index.php?rest_route=\/wp\/v2\/product"}],"about":[{"href":"https:\/\/evkusu.com.tr\/index.php?rest_route=\/wp\/v2\/types\/product"}],"wp:featuredmedia":[{"embeddable":true,"href":"https:\/\/evkusu.com.tr\/index.php?rest_route=\/wp\/v2\/media\/898"}],"wp:attachment":[{"href":"https:\/\/evkusu.com.tr\/index.php?rest_route=%2Fwp%2Fv2%2Fmedia&parent=896"}],"wp:term":[{"taxonomy":"product_brand","embeddable":true,"href":"https:\/\/evkusu.com.tr\/index.php?rest_route=%2Fwp%2Fv2%2Fproduct_brand&post=896"},{"taxonomy":"product_cat","embeddable":true,"href":"https:\/\/evkusu.com.tr\/index.php?rest_route=%2Fwp%2Fv2%2Fproduct_cat&post=896"},{"taxonomy":"product_tag","embeddable":true,"href":"https:\/\/evkusu.com.tr\/index.php?rest_route=%2Fwp%2Fv2%2Fproduct_tag&post=896"}],"curies":[{"name":"wp","href":"https:\/\/api.w.org\/{rel}","templated":true}]}}