{"id":894,"date":"2025-03-17T22:40:05","date_gmt":"2025-03-17T22:40:05","guid":{"rendered":"https:\/\/evkusu.com.tr\/?post_type=product&#038;p=894"},"modified":"2025-04-17T12:35:05","modified_gmt":"2025-04-17T12:35:05","slug":"bicoat-serisi-7-parca-eco-set-red","status":"publish","type":"product","link":"https:\/\/evkusu.com.tr\/?product=bicoat-serisi-7-parca-eco-set-red","title":{"rendered":"Bicoat Serisi 7 Par\u00e7a Eco Tencere ve Tava Set (Red)"},"content":{"rendered":"<p class=\"p1\">Mutfaklar\u0131n\u0131za canl\u0131l\u0131k ve zarafet kat\u0131n! Evku\u015fu Home Bicoat Serisi 7 Par\u00e7a Eco Seti, her pi\u015firme ihtiyac\u0131n\u0131z i\u00e7in m\u00fckemmel \u00e7\u00f6z\u00fcmler sunar. Bu \u00f6zel set, \u015f\u0131kl\u0131\u011f\u0131 ve fonksiyonelli\u011fi bir arada sunarak mutfak deneyiminizi \u00fcst seviyeye ta\u015f\u0131r. Set, dayan\u0131kl\u0131 ve \u00e7evre dostu Bicoat kaplama teknolojisi ile \u00fcretilmi\u015ftir, bu da uzun \u00f6m\u00fcrl\u00fc kullan\u0131m ve \u00fcst\u00fcn performans sa\u011flar.<\/p>\n<p class=\"p1\">Setin i\u00e7inde 20 cm ve 24 cm derin tencereler, 26 cm bas\u0131k tencere ve 26 cm tava bulunmaktad\u0131r. Her bir par\u00e7a, m\u00fckemmel \u0131s\u0131 iletimi ve da\u011f\u0131l\u0131m\u0131 sa\u011flar, bu sayede yemekleriniz her zaman e\u015fit \u015fekilde pi\u015fer. Canl\u0131 rengi, mutfaklar\u0131n\u0131za enerjik bir hava katar ve yemek pi\u015firme i\u015flemini daha keyifli hale getirir.<\/p>\n<p class=\"p1\">Ergonomik kulplar\u0131, kullan\u0131m\u0131 kolayla\u015ft\u0131r\u0131rken, kolay temizlenebilir y\u00fczeyi sayesinde pratik bir deneyim sunar.\u00a0 Bicoat Serisi, hem estetik hem de fonksiyonel bir \u00e7\u00f6z\u00fcm arayanlar i\u00e7in idealdir. M\u00fckemmel sonu\u00e7lar elde etmek ve mutfakta fark yaratmak i\u00e7in bu seti tercih edin!<\/p>\n","protected":false},"excerpt":{"rendered":"<p>Mutfaklar\u0131n\u0131za canl\u0131l\u0131k ve zarafet kat\u0131n! Evku\u015fu Home Bicoat Serisi 7 Par\u00e7a Eco Seti, her pi\u015firme ihtiyac\u0131n\u0131z i\u00e7in m\u00fckemmel \u00e7\u00f6z\u00fcmler sunar. Bu \u00f6zel set, \u015f\u0131kl\u0131\u011f\u0131 ve fonksiyonelli\u011fi bir arada sunarak mutfak deneyiminizi \u00fcst seviyeye ta\u015f\u0131r. Set, dayan\u0131kl\u0131 ve \u00e7evre dostu Bicoat &hellip; <\/p>\n","protected":false},"featured_media":895,"template":"","meta":{"om_disable_all_campaigns":false,"_monsterinsights_skip_tracking":false,"_monsterinsights_sitenote_active":false,"_monsterinsights_sitenote_note":"","_monsterinsights_sitenote_category":0},"product_brand":[],"product_cat":[31,38],"product_tag":[47,55,45,60,61],"class_list":{"0":"post-894","1":"product","2":"type-product","3":"status-publish","4":"has-post-thumbnail","6":"product_cat-flower","7":"product_cat-pisirmegrubu","8":"product_tag-ceyiz","9":"product_tag-evdekarasyonu","10":"product_tag-mutfak","11":"product_tag-tencere","12":"product_tag-yemek","13":"product_shipping_class-agir-urunler","14":"latest_post","16":"first","17":"instock","18":"sale","19":"taxable","20":"shipping-taxable","21":"purchasable","22":"product-type-simple"},"aioseo_notices":[],"_links":{"self":[{"href":"https:\/\/evkusu.com.tr\/index.php?rest_route=\/wp\/v2\/product\/894","targetHints":{"allow":["GET"]}}],"collection":[{"href":"https:\/\/evkusu.com.tr\/index.php?rest_route=\/wp\/v2\/product"}],"about":[{"href":"https:\/\/evkusu.com.tr\/index.php?rest_route=\/wp\/v2\/types\/product"}],"wp:featuredmedia":[{"embeddable":true,"href":"https:\/\/evkusu.com.tr\/index.php?rest_route=\/wp\/v2\/media\/895"}],"wp:attachment":[{"href":"https:\/\/evkusu.com.tr\/index.php?rest_route=%2Fwp%2Fv2%2Fmedia&parent=894"}],"wp:term":[{"taxonomy":"product_brand","embeddable":true,"href":"https:\/\/evkusu.com.tr\/index.php?rest_route=%2Fwp%2Fv2%2Fproduct_brand&post=894"},{"taxonomy":"product_cat","embeddable":true,"href":"https:\/\/evkusu.com.tr\/index.php?rest_route=%2Fwp%2Fv2%2Fproduct_cat&post=894"},{"taxonomy":"product_tag","embeddable":true,"href":"https:\/\/evkusu.com.tr\/index.php?rest_route=%2Fwp%2Fv2%2Fproduct_tag&post=894"}],"curies":[{"name":"wp","href":"https:\/\/api.w.org\/{rel}","templated":true}]}}