{"id":890,"date":"2025-03-17T22:35:47","date_gmt":"2025-03-17T22:35:47","guid":{"rendered":"https:\/\/evkusu.com.tr\/?post_type=product&#038;p=890"},"modified":"2025-04-17T12:35:08","modified_gmt":"2025-04-17T12:35:08","slug":"bicoat-serisi-7-parca-natural-seramik-set-soft-green","status":"publish","type":"product","link":"https:\/\/evkusu.com.tr\/?product=bicoat-serisi-7-parca-natural-seramik-set-soft-green","title":{"rendered":"Bicoat Serisi 7 Par\u00e7a Natural Seramik Set (Soft Green)"},"content":{"rendered":"<p class=\"p1\">Mutfaklar\u0131n\u0131za estetik ve y\u00fcksek performans\u0131 bir arada sunan Bicoat Serisi 7 Par\u00e7a Natural Seramik Set (Soft Green), hem \u015f\u0131kl\u0131\u011f\u0131 hem de dayan\u0131kl\u0131l\u0131\u011f\u0131yla dikkat \u00e7eker. Bu set, do\u011fal seramik kaplamas\u0131yla modern Grey rengini birle\u015ftirerek mutfaklar\u0131n\u0131za zarif bir dokunu\u015f katar.<\/p>\n<p class=\"p1\">Her par\u00e7a, \u00fcst\u00fcn kalite ve uzun \u00f6m\u00fcrl\u00fc kullan\u0131m i\u00e7in tasarlanm\u0131\u015ft\u0131r. Set, 20 cm ve 24 cm derin tencereler, 26 cm bas\u0131k tencere ve 26 cm tava i\u00e7erir. Her bir \u00fcr\u00fcn, m\u00fckemmel \u0131s\u0131 iletimi sa\u011flayarak yemeklerinizi e\u015fit \u015fekilde pi\u015firir ve m\u00fckemmel sonu\u00e7lar elde etmenizi destekler. Y\u00fcksek kaliteli seramik kaplama, yemeklerin yap\u0131\u015fmas\u0131n\u0131 \u00f6nler ve temizli\u011fi olduk\u00e7a kolayla\u015ft\u0131r\u0131r.<\/p>\n<p class=\"p1\">Ergonomik tasar\u0131m\u0131, rahat bir kullan\u0131m sunarken, do\u011fal seramik kaplamas\u0131 sayesinde sa\u011fl\u0131kl\u0131 bir pi\u015firme deneyimi sa\u011flar. Estetik ve fonksiyonelli\u011fi bir arada sunan bu set, mutfak dekorunuza m\u00fckemmel uyum sa\u011flar.<\/p>\n<p class=\"p1\">NBL Bicoat Serisi 7 Par\u00e7a Natural Seramik Set (Grey), mutfakta kaliteyi ve \u015f\u0131kl\u0131\u011f\u0131 arayanlar i\u00e7in ideal bir tercihtir. Hem g\u00fcnl\u00fck yemeklerinizde hem de \u00f6zel davetlerde en iyi performans\u0131 sa\u011flayacak bu set, her pi\u015firme deneyimini daha keyifli ve verimli hale getirir.<\/p>\n","protected":false},"excerpt":{"rendered":"<p>Mutfaklar\u0131n\u0131za estetik ve y\u00fcksek performans\u0131 bir arada sunan Bicoat Serisi 7 Par\u00e7a Natural Seramik Set (Soft Green), hem \u015f\u0131kl\u0131\u011f\u0131 hem de dayan\u0131kl\u0131l\u0131\u011f\u0131yla dikkat \u00e7eker. Bu set, do\u011fal seramik kaplamas\u0131yla modern Grey rengini birle\u015ftirerek mutfaklar\u0131n\u0131za zarif bir dokunu\u015f katar. Her par\u00e7a, &hellip; <\/p>\n","protected":false},"featured_media":891,"template":"","meta":{"om_disable_all_campaigns":false,"_monsterinsights_skip_tracking":false,"_monsterinsights_sitenote_active":false,"_monsterinsights_sitenote_note":"","_monsterinsights_sitenote_category":0},"product_brand":[],"product_cat":[31,38],"product_tag":[47,55,45,60,61],"class_list":{"0":"post-890","1":"product","2":"type-product","3":"status-publish","4":"has-post-thumbnail","6":"product_cat-flower","7":"product_cat-pisirmegrubu","8":"product_tag-ceyiz","9":"product_tag-evdekarasyonu","10":"product_tag-mutfak","11":"product_tag-tencere","12":"product_tag-yemek","13":"product_shipping_class-agir-urunler","14":"latest_post","16":"first","17":"instock","18":"sale","19":"taxable","20":"shipping-taxable","21":"purchasable","22":"product-type-simple"},"aioseo_notices":[],"_links":{"self":[{"href":"https:\/\/evkusu.com.tr\/index.php?rest_route=\/wp\/v2\/product\/890","targetHints":{"allow":["GET"]}}],"collection":[{"href":"https:\/\/evkusu.com.tr\/index.php?rest_route=\/wp\/v2\/product"}],"about":[{"href":"https:\/\/evkusu.com.tr\/index.php?rest_route=\/wp\/v2\/types\/product"}],"wp:featuredmedia":[{"embeddable":true,"href":"https:\/\/evkusu.com.tr\/index.php?rest_route=\/wp\/v2\/media\/891"}],"wp:attachment":[{"href":"https:\/\/evkusu.com.tr\/index.php?rest_route=%2Fwp%2Fv2%2Fmedia&parent=890"}],"wp:term":[{"taxonomy":"product_brand","embeddable":true,"href":"https:\/\/evkusu.com.tr\/index.php?rest_route=%2Fwp%2Fv2%2Fproduct_brand&post=890"},{"taxonomy":"product_cat","embeddable":true,"href":"https:\/\/evkusu.com.tr\/index.php?rest_route=%2Fwp%2Fv2%2Fproduct_cat&post=890"},{"taxonomy":"product_tag","embeddable":true,"href":"https:\/\/evkusu.com.tr\/index.php?rest_route=%2Fwp%2Fv2%2Fproduct_tag&post=890"}],"curies":[{"name":"wp","href":"https:\/\/api.w.org\/{rel}","templated":true}]}}