{"id":886,"date":"2025-03-17T22:30:07","date_gmt":"2025-03-17T22:30:07","guid":{"rendered":"https:\/\/evkusu.com.tr\/?post_type=product&#038;p=886"},"modified":"2025-04-17T12:35:55","modified_gmt":"2025-04-17T12:35:55","slug":"bicoat-serisi-7-parca-set-black","status":"publish","type":"product","link":"https:\/\/evkusu.com.tr\/?product=bicoat-serisi-7-parca-set-black","title":{"rendered":"Bicoat Serisi 7 Par\u00e7a Set (Black)"},"content":{"rendered":"<p class=\"p1\">Mutfaklar\u0131n\u0131za \u015f\u0131kl\u0131k ve \u00fcst\u00fcn performans kazand\u0131racak <b>Bicoat Serisi 7 Par\u00e7a Set (Purple)<\/b>, pi\u015firme deneyiminizi bir \u00fcst seviyeye ta\u015f\u0131yor. Bu \u00f6zel set, y\u00fcksek dayan\u0131kl\u0131l\u0131\u011f\u0131 ve modern tasar\u0131m\u0131yla \u00f6ne \u00e7\u0131kar. Her bir par\u00e7a, 30.000 s\u00fcrt\u00fcnme testinden ba\u015far\u0131yla ge\u00e7mi\u015f Bicoat kaplama ile donat\u0131lm\u0131\u015ft\u0131r, bu da \u00fcr\u00fcnlerin uzun \u00f6m\u00fcrl\u00fc ve g\u00fcnl\u00fck kullan\u0131ma uygun oldu\u011funu garanti eder.<\/p>\n<p class=\"p1\">Set, mutfaktaki t\u00fcm ihtiya\u00e7lar\u0131n\u0131z\u0131 kar\u015f\u0131layacak \u015fekilde tasarlanm\u0131\u015ft\u0131r. \u0130\u00e7eri\u011finde 20 cm ve 24 cm derin tencereler, 26 cm bas\u0131k tencere ve 26 cm tava bulunur. Bu par\u00e7alar, m\u00fckemmel \u0131s\u0131 iletimi sa\u011flar, yiyeceklerin e\u015fit \u015fekilde pi\u015fmesini ve m\u00fckemmel sonu\u00e7lar elde edilmesini garantiler. Y\u00fcksek kaliteli kaplamas\u0131, yemeklerin yap\u0131\u015fmas\u0131n\u0131 \u00f6nler ve temizli\u011fi kolayla\u015ft\u0131r\u0131r.<\/p>\n<p class=\"p1\">Canl\u0131 mor rengi, mutfaklar\u0131n\u0131za zarif ve modern bir hava katarken, ergonomik kulplar\u0131 rahat bir tutu\u015f sa\u011flar ve pi\u015firme i\u015flemini daha konforlu hale getirir. Dayan\u0131kl\u0131 yap\u0131s\u0131 ve estetik tasar\u0131m\u0131yla, mutfak dekorunuza uyum sa\u011flar.<\/p>\n<p class=\"p1\">Bicoat Serisi, hem estetik hem de i\u015flevsellik arayan mutfak severler i\u00e7in ideal bir tercihtir. \u015e\u0131kl\u0131\u011f\u0131, dayan\u0131kl\u0131l\u0131\u011f\u0131 ve kullan\u0131\u015fl\u0131l\u0131\u011f\u0131 ile mutfaktaki en iyi yard\u0131mc\u0131n\u0131z olacak bu set, yemek pi\u015firmeyi daha keyifli ve verimli hale getirir.<\/p>\n","protected":false},"excerpt":{"rendered":"<p>Mutfaklar\u0131n\u0131za \u015f\u0131kl\u0131k ve \u00fcst\u00fcn performans kazand\u0131racak Bicoat Serisi 7 Par\u00e7a Set (Purple), pi\u015firme deneyiminizi bir \u00fcst seviyeye ta\u015f\u0131yor. Bu \u00f6zel set, y\u00fcksek dayan\u0131kl\u0131l\u0131\u011f\u0131 ve modern tasar\u0131m\u0131yla \u00f6ne \u00e7\u0131kar. Her bir par\u00e7a, 30.000 s\u00fcrt\u00fcnme testinden ba\u015far\u0131yla ge\u00e7mi\u015f Bicoat kaplama ile donat\u0131lm\u0131\u015ft\u0131r, &hellip; <\/p>\n","protected":false},"featured_media":887,"template":"","meta":{"om_disable_all_campaigns":false,"_monsterinsights_skip_tracking":false,"_monsterinsights_sitenote_active":false,"_monsterinsights_sitenote_note":"","_monsterinsights_sitenote_category":0},"product_brand":[],"product_cat":[31,38],"product_tag":[47,55,45,60,61],"class_list":{"0":"post-886","1":"product","2":"type-product","3":"status-publish","4":"has-post-thumbnail","6":"product_cat-flower","7":"product_cat-pisirmegrubu","8":"product_tag-ceyiz","9":"product_tag-evdekarasyonu","10":"product_tag-mutfak","11":"product_tag-tencere","12":"product_tag-yemek","13":"product_shipping_class-agir-urunler","14":"latest_post","16":"first","17":"instock","18":"sale","19":"taxable","20":"shipping-taxable","21":"purchasable","22":"product-type-simple"},"aioseo_notices":[],"_links":{"self":[{"href":"https:\/\/evkusu.com.tr\/index.php?rest_route=\/wp\/v2\/product\/886","targetHints":{"allow":["GET"]}}],"collection":[{"href":"https:\/\/evkusu.com.tr\/index.php?rest_route=\/wp\/v2\/product"}],"about":[{"href":"https:\/\/evkusu.com.tr\/index.php?rest_route=\/wp\/v2\/types\/product"}],"wp:featuredmedia":[{"embeddable":true,"href":"https:\/\/evkusu.com.tr\/index.php?rest_route=\/wp\/v2\/media\/887"}],"wp:attachment":[{"href":"https:\/\/evkusu.com.tr\/index.php?rest_route=%2Fwp%2Fv2%2Fmedia&parent=886"}],"wp:term":[{"taxonomy":"product_brand","embeddable":true,"href":"https:\/\/evkusu.com.tr\/index.php?rest_route=%2Fwp%2Fv2%2Fproduct_brand&post=886"},{"taxonomy":"product_cat","embeddable":true,"href":"https:\/\/evkusu.com.tr\/index.php?rest_route=%2Fwp%2Fv2%2Fproduct_cat&post=886"},{"taxonomy":"product_tag","embeddable":true,"href":"https:\/\/evkusu.com.tr\/index.php?rest_route=%2Fwp%2Fv2%2Fproduct_tag&post=886"}],"curies":[{"name":"wp","href":"https:\/\/api.w.org\/{rel}","templated":true}]}}