{"id":880,"date":"2025-03-17T22:21:38","date_gmt":"2025-03-17T22:21:38","guid":{"rendered":"https:\/\/evkusu.com.tr\/?post_type=product&#038;p=880"},"modified":"2025-04-17T12:36:00","modified_gmt":"2025-04-17T12:36:00","slug":"bicoat-serisi-7-parca-induksiyon-tabanli-set-purple","status":"publish","type":"product","link":"https:\/\/evkusu.com.tr\/?product=bicoat-serisi-7-parca-induksiyon-tabanli-set-purple","title":{"rendered":"Bicoat Serisi 7 Par\u00e7a \u0130nd\u00fcksiyon Tabanl\u0131 Set (Purple)"},"content":{"rendered":"<p>Bicoat Serisi 7 Par\u00e7a \u0130nd\u00fcksiyon Tabanl\u0131 Set (Mor), modern tasar\u0131m\u0131 ve zarif rengiyle mutfa\u011f\u0131n\u0131za stil kat\u0131yor. Set, 20 cm ve 24 cm derin tencere, 26 cm bas\u0131k tencere ve 26 cm tavadan olu\u015farak yemek pi\u015firme ihtiya\u00e7lar\u0131n\u0131z\u0131 tam anlam\u0131yla kar\u015f\u0131lar. Y\u00fcksek performansl\u0131 ind\u00fcksiyon taban\u0131 sayesinde enerji tasarrufu sa\u011flarken, e\u015fit \u0131s\u0131 da\u011f\u0131l\u0131m\u0131 ile kusursuz pi\u015firme deneyimi sunar. Dolap i\u00e7inde \u00e7izilmeleri \u00f6nlemek amac\u0131yla \u00f6zel saklama k\u0131l\u0131f\u0131yla birlikte gelir. Hem g\u00fcnl\u00fck kullan\u0131mlar\u0131n\u0131z hem de \u00f6zel davetleriniz i\u00e7in ideal olan bu set, \u00e7eyizlerinizin vazge\u00e7ilmezi olacak.<\/p>\n","protected":false},"excerpt":{"rendered":"<p>Bicoat Serisi 7 Par\u00e7a \u0130nd\u00fcksiyon Tabanl\u0131 Set (Mor), modern tasar\u0131m\u0131 ve zarif rengiyle mutfa\u011f\u0131n\u0131za stil kat\u0131yor. Set, 20 cm ve 24 cm derin tencere, 26 cm bas\u0131k tencere ve 26 cm tavadan olu\u015farak yemek pi\u015firme ihtiya\u00e7lar\u0131n\u0131z\u0131 tam anlam\u0131yla kar\u015f\u0131lar. Y\u00fcksek &hellip; <\/p>\n","protected":false},"featured_media":881,"template":"","meta":{"om_disable_all_campaigns":false,"_monsterinsights_skip_tracking":false,"_monsterinsights_sitenote_active":false,"_monsterinsights_sitenote_note":"","_monsterinsights_sitenote_category":0},"product_brand":[],"product_cat":[31,38],"product_tag":[47,55,45,60,61],"class_list":{"0":"post-880","1":"product","2":"type-product","3":"status-publish","4":"has-post-thumbnail","6":"product_cat-flower","7":"product_cat-pisirmegrubu","8":"product_tag-ceyiz","9":"product_tag-evdekarasyonu","10":"product_tag-mutfak","11":"product_tag-tencere","12":"product_tag-yemek","13":"product_shipping_class-agir-urunler","14":"latest_post","16":"first","17":"instock","18":"sale","19":"taxable","20":"shipping-taxable","21":"purchasable","22":"product-type-simple"},"aioseo_notices":[],"_links":{"self":[{"href":"https:\/\/evkusu.com.tr\/index.php?rest_route=\/wp\/v2\/product\/880","targetHints":{"allow":["GET"]}}],"collection":[{"href":"https:\/\/evkusu.com.tr\/index.php?rest_route=\/wp\/v2\/product"}],"about":[{"href":"https:\/\/evkusu.com.tr\/index.php?rest_route=\/wp\/v2\/types\/product"}],"wp:featuredmedia":[{"embeddable":true,"href":"https:\/\/evkusu.com.tr\/index.php?rest_route=\/wp\/v2\/media\/881"}],"wp:attachment":[{"href":"https:\/\/evkusu.com.tr\/index.php?rest_route=%2Fwp%2Fv2%2Fmedia&parent=880"}],"wp:term":[{"taxonomy":"product_brand","embeddable":true,"href":"https:\/\/evkusu.com.tr\/index.php?rest_route=%2Fwp%2Fv2%2Fproduct_brand&post=880"},{"taxonomy":"product_cat","embeddable":true,"href":"https:\/\/evkusu.com.tr\/index.php?rest_route=%2Fwp%2Fv2%2Fproduct_cat&post=880"},{"taxonomy":"product_tag","embeddable":true,"href":"https:\/\/evkusu.com.tr\/index.php?rest_route=%2Fwp%2Fv2%2Fproduct_tag&post=880"}],"curies":[{"name":"wp","href":"https:\/\/api.w.org\/{rel}","templated":true}]}}