{"id":859,"date":"2025-03-17T21:24:20","date_gmt":"2025-03-17T21:24:20","guid":{"rendered":"https:\/\/evkusu.com.tr\/?post_type=product&#038;p=859"},"modified":"2025-04-17T12:36:03","modified_gmt":"2025-04-17T12:36:03","slug":"clam-6-kisilik-28-parca-porselen-kahvalti-takimi","status":"publish","type":"product","link":"https:\/\/evkusu.com.tr\/?product=clam-6-kisilik-28-parca-porselen-kahvalti-takimi","title":{"rendered":"CLAM 6 K\u0130\u015e\u0130L\u0130K 28 PAR\u00c7A PORSELEN KAHVALTI TAKIMI"},"content":{"rendered":"<p><b>28 PAR\u00c7A PORSELEN KAHVALTI TAKIMI<\/b><\/p>\n<p><b>6 ADET 24CM SERV\u0130S TABA\u011eI<\/b><\/p>\n<p><b>6+6 ADET \u00c7AY BARDA\u011eI 165CC ve 12CM \u00c7AY TABA\u011eI<\/b><\/p>\n<p><b>2 ADET 25CM OVAL KAYIK TABAK<\/b><\/p>\n<p><b>2 ADET ZEYT\u0130N TABA\u011eI<\/b><\/p>\n<p><b>4 ADET 10CM RE\u00c7ELL\u0130K<\/b><\/p>\n<p><b>1+1 ADET TUZLUK ve B\u0130BERL\u0130<\/b><\/p>\n<h4 class=\"Text_text__2hVH3 font-normal PhotosAndTextArea_-subtitle__jPcbz\">BU KAHVALTI TAKIMI DAYANIKLI PORSELEN\u0130 VE \u00d6ZEL DESENLER\u0130 \u0130LE KUSURSUZ BULA\u015eIK MAK\u0130NES\u0130 KULLANIMI SUNAR.<\/h4>\n<h3 class=\"Text_text__2hVH3 font-normal PhotosAndTextArea_-title__I0atC\">&#8220;BULA\u015eIK MAK\u0130NES\u0130 GARANT\u0130L\u0130D\u0130R&#8221;<\/h3>\n<p><iframe title=\"Blue Ocean Kahvalt\u0131 Tak\u0131m\u0131_20250319_091418_0001\" src=\"https:\/\/player.vimeo.com\/video\/1068115135?h=2d9702fba2&amp;dnt=1&amp;app_id=122963\" width=\"563\" height=\"1000\" frameborder=\"0\" allow=\"autoplay; fullscreen; picture-in-picture; clipboard-write; encrypted-media\"><\/iframe><\/p>\n<p>&nbsp;<\/p>\n","protected":false},"excerpt":{"rendered":"<p>28 PAR\u00c7A PORSELEN KAHVALTI TAKIMI 6 ADET 24CM SERV\u0130S TABA\u011eI 6+6 ADET \u00c7AY BARDA\u011eI 165CC ve 12CM \u00c7AY TABA\u011eI 2 ADET 25CM OVAL KAYIK TABAK 2 ADET ZEYT\u0130N TABA\u011eI 4 ADET 10CM RE\u00c7ELL\u0130K 1+1 ADET TUZLUK ve B\u0130BERL\u0130 BU KAHVALTI &hellip; <\/p>\n","protected":false},"featured_media":860,"template":"","meta":{"om_disable_all_campaigns":false,"_monsterinsights_skip_tracking":false,"_monsterinsights_sitenote_active":false,"_monsterinsights_sitenote_note":"","_monsterinsights_sitenote_category":0},"product_brand":[],"product_cat":[31,59,37],"product_tag":[47,51,45,41,46,44,42],"class_list":{"0":"post-859","1":"product","2":"type-product","3":"status-publish","4":"has-post-thumbnail","6":"product_cat-flower","7":"product_cat-kahvaltitakimi","8":"product_cat-porselensofra","9":"product_tag-ceyiz","10":"product_tag-kahvaltitakimi","11":"product_tag-mutfak","12":"product_tag-porselen","13":"product_tag-sofra","14":"product_tag-tabak","15":"product_tag-yemektakimi","16":"product_shipping_class-agir-urunler","17":"latest_post","19":"first","20":"instock","21":"sale","22":"taxable","23":"shipping-taxable","24":"purchasable","25":"product-type-simple"},"aioseo_notices":[],"_links":{"self":[{"href":"https:\/\/evkusu.com.tr\/index.php?rest_route=\/wp\/v2\/product\/859","targetHints":{"allow":["GET"]}}],"collection":[{"href":"https:\/\/evkusu.com.tr\/index.php?rest_route=\/wp\/v2\/product"}],"about":[{"href":"https:\/\/evkusu.com.tr\/index.php?rest_route=\/wp\/v2\/types\/product"}],"wp:featuredmedia":[{"embeddable":true,"href":"https:\/\/evkusu.com.tr\/index.php?rest_route=\/wp\/v2\/media\/860"}],"wp:attachment":[{"href":"https:\/\/evkusu.com.tr\/index.php?rest_route=%2Fwp%2Fv2%2Fmedia&parent=859"}],"wp:term":[{"taxonomy":"product_brand","embeddable":true,"href":"https:\/\/evkusu.com.tr\/index.php?rest_route=%2Fwp%2Fv2%2Fproduct_brand&post=859"},{"taxonomy":"product_cat","embeddable":true,"href":"https:\/\/evkusu.com.tr\/index.php?rest_route=%2Fwp%2Fv2%2Fproduct_cat&post=859"},{"taxonomy":"product_tag","embeddable":true,"href":"https:\/\/evkusu.com.tr\/index.php?rest_route=%2Fwp%2Fv2%2Fproduct_tag&post=859"}],"curies":[{"name":"wp","href":"https:\/\/api.w.org\/{rel}","templated":true}]}}