{"id":790,"date":"2025-03-16T22:33:48","date_gmt":"2025-03-16T22:33:48","guid":{"rendered":"https:\/\/evkusu.com.tr\/?post_type=product&#038;p=790"},"modified":"2025-04-17T12:29:42","modified_gmt":"2025-04-17T12:29:42","slug":"pearl-lovely-5li-banyo-seti-gri","status":"publish","type":"product","link":"https:\/\/evkusu.com.tr\/?product=pearl-lovely-5li-banyo-seti-gri","title":{"rendered":"Pearl Lovely 5&#8217;li Banyo Seti (Gri)"},"content":{"rendered":"<p>Pearl Lovely 5\u2019li Banyo Seti, banyonuzda zarafet ve i\u015flevselli\u011fi bir araya getirir. \u015e\u0131k tasar\u0131m\u0131yla dikkat \u00e7eken bu set, sabunluk, s\u0131v\u0131 sabunluk, di\u015f f\u0131r\u00e7al\u0131k, tuvalet f\u0131r\u00e7as\u0131 ve \u00e7\u00f6p kovas\u0131ndan olu\u015fur. Y\u00fcksek kaliteli malzemeleri ile uzun \u00f6m\u00fcrl\u00fc kullan\u0131m sa\u011flar. Modern ve estetik detaylar\u0131 ile banyonuzda \u015f\u0131k bir atmosfer yaratmak isteyenler i\u00e7in ideal bir se\u00e7imdir. Noble Life, banyosunda hem tarz\u0131 hem de fonksiyonelli\u011fi arayanlar\u0131n tercihi.<\/p>\n","protected":false},"excerpt":{"rendered":"<p>Pearl Lovely 5\u2019li Banyo Seti, banyonuzda zarafet ve i\u015flevselli\u011fi bir araya getirir. \u015e\u0131k tasar\u0131m\u0131yla dikkat \u00e7eken bu set, sabunluk, s\u0131v\u0131 sabunluk, di\u015f f\u0131r\u00e7al\u0131k, tuvalet f\u0131r\u00e7as\u0131 ve \u00e7\u00f6p kovas\u0131ndan olu\u015fur. Y\u00fcksek kaliteli malzemeleri ile uzun \u00f6m\u00fcrl\u00fc kullan\u0131m sa\u011flar. Modern ve estetik &hellip; <\/p>\n","protected":false},"featured_media":791,"template":"","meta":{"om_disable_all_campaigns":false,"_monsterinsights_skip_tracking":false,"_monsterinsights_sitenote_active":false,"_monsterinsights_sitenote_note":"","_monsterinsights_sitenote_category":0},"product_brand":[],"product_cat":[30],"product_tag":[52,54,47,57,55,56,43,53],"class_list":{"0":"post-790","1":"product","2":"type-product","3":"status-publish","4":"has-post-thumbnail","6":"product_cat-kirlent","7":"product_tag-banyo","8":"product_tag-banyoaksesuarlari","9":"product_tag-ceyiz","10":"product_tag-ev","11":"product_tag-evdekarasyonu","12":"product_tag-home","13":"product_tag-noblelife","14":"product_tag-sabunluk","15":"product_shipping_class-hafif-urunler","16":"latest_post","18":"first","19":"instock","20":"sale","21":"taxable","22":"shipping-taxable","23":"purchasable","24":"product-type-simple"},"aioseo_notices":[],"_links":{"self":[{"href":"https:\/\/evkusu.com.tr\/index.php?rest_route=\/wp\/v2\/product\/790","targetHints":{"allow":["GET"]}}],"collection":[{"href":"https:\/\/evkusu.com.tr\/index.php?rest_route=\/wp\/v2\/product"}],"about":[{"href":"https:\/\/evkusu.com.tr\/index.php?rest_route=\/wp\/v2\/types\/product"}],"wp:featuredmedia":[{"embeddable":true,"href":"https:\/\/evkusu.com.tr\/index.php?rest_route=\/wp\/v2\/media\/791"}],"wp:attachment":[{"href":"https:\/\/evkusu.com.tr\/index.php?rest_route=%2Fwp%2Fv2%2Fmedia&parent=790"}],"wp:term":[{"taxonomy":"product_brand","embeddable":true,"href":"https:\/\/evkusu.com.tr\/index.php?rest_route=%2Fwp%2Fv2%2Fproduct_brand&post=790"},{"taxonomy":"product_cat","embeddable":true,"href":"https:\/\/evkusu.com.tr\/index.php?rest_route=%2Fwp%2Fv2%2Fproduct_cat&post=790"},{"taxonomy":"product_tag","embeddable":true,"href":"https:\/\/evkusu.com.tr\/index.php?rest_route=%2Fwp%2Fv2%2Fproduct_tag&post=790"}],"curies":[{"name":"wp","href":"https:\/\/api.w.org\/{rel}","templated":true}]}}