{"id":774,"date":"2025-03-16T21:33:32","date_gmt":"2025-03-16T21:33:32","guid":{"rendered":"https:\/\/evkusu.com.tr\/?post_type=product&#038;p=774"},"modified":"2025-04-17T12:36:10","modified_gmt":"2025-04-17T12:36:10","slug":"line-27-parca-porselen-6-kisilik-yemek-takimi","status":"publish","type":"product","link":"https:\/\/evkusu.com.tr\/?product=line-27-parca-porselen-6-kisilik-yemek-takimi","title":{"rendered":"Line 27 Par\u00e7a Porselen 6 Ki\u015filik Yemek Tak\u0131m\u0131"},"content":{"rendered":"<p class=\"p1\">27 Par\u00e7a 6 Ki\u015filik Porselen Yemek Tak\u0131m\u0131<\/p>\n<p class=\"p1\">Bu 27 par\u00e7al\u0131k porselen yemek tak\u0131m\u0131, \u015f\u0131kl\u0131\u011f\u0131 ve zarif tasar\u0131m\u0131yla sofralar\u0131n\u0131za klasik bir dokunu\u015f getirir. Y\u00fcksek kaliteli porselenden \u00fcretilmi\u015f olan bu set, hem estetik hem de fonksiyonellik sunar.<\/p>\n<p class=\"p1\">\u00d6zellikler:<\/p>\n<p class=\"p3\">\u2022<span class=\"Apple-tab-span\">\u00a0<\/span>6 Adet 25 cm Servis Taba\u011f\u0131:\u00a0B\u00fcy\u00fck porsiyonlar i\u00e7in ideal.<\/p>\n<p class=\"p3\">\u2022<span class=\"Apple-tab-span\">\u00a0<\/span>6 Adet 19 cm Pasta Taba\u011f\u0131:\u00a0Tatl\u0131 ve pastalar i\u00e7in m\u00fckemmel.<\/p>\n<p class=\"p3\">\u2022<span class=\"Apple-tab-span\">\u00a0<\/span>6 Adet 18,5 cm Yemek Taba\u011f\u0131:\u00a0Ana yemekler i\u00e7in uygun boyut.<\/p>\n<p class=\"p3\">\u2022<span class=\"Apple-tab-span\">\u00a0<\/span>6 Adet 14 cm \u00c7orba Kasesi:\u00a0\u00c7orba ve ba\u015flang\u0131\u00e7lar i\u00e7in ideal.<\/p>\n<p class=\"p3\">\u2022<span class=\"Apple-tab-span\">\u00a0<\/span>1 Adet 29 cm Kay\u0131k Tabak:\u00a0B\u00fcy\u00fck servisler ve ana yemekler i\u00e7in kullan\u0131\u015fl\u0131.<\/p>\n<p class=\"p3\">\u2022<span class=\"Apple-tab-span\">\u00a0<\/span>2 Adet 24 cm Kay\u0131k Tabak:\u00a0Yan yemekler ve garnit\u00fcrler i\u00e7in pratik.<\/p>\n<p class=\"p1\">Bu yemek tak\u0131m\u0131, g\u00fcnl\u00fck yemeklerinizde ve \u00f6zel davetlerde \u015f\u0131kl\u0131\u011f\u0131 ve zarafeti bir arada sunar. Her detay\u0131yla \u00f6zenle haz\u0131rlanm\u0131\u015f bu set, sofralar\u0131n\u0131za klasik bir dokunu\u015f katacakt\u0131r.<\/p>\n","protected":false},"excerpt":{"rendered":"<p>27 Par\u00e7a 6 Ki\u015filik Porselen Yemek Tak\u0131m\u0131 Bu 27 par\u00e7al\u0131k porselen yemek tak\u0131m\u0131, \u015f\u0131kl\u0131\u011f\u0131 ve zarif tasar\u0131m\u0131yla sofralar\u0131n\u0131za klasik bir dokunu\u015f getirir. Y\u00fcksek kaliteli porselenden \u00fcretilmi\u015f olan bu set, hem estetik hem de fonksiyonellik sunar. \u00d6zellikler: \u2022\u00a06 Adet 25 cm &hellip; <\/p>\n","protected":false},"featured_media":775,"template":"","meta":{"om_disable_all_campaigns":false,"_monsterinsights_skip_tracking":false,"_monsterinsights_sitenote_active":false,"_monsterinsights_sitenote_note":"","_monsterinsights_sitenote_category":0},"product_brand":[],"product_cat":[31,37,58],"product_tag":[47,45,41,46,44,42],"class_list":{"0":"post-774","1":"product","2":"type-product","3":"status-publish","4":"has-post-thumbnail","6":"product_cat-flower","7":"product_cat-porselensofra","8":"product_cat-sofrayemektakimlari","9":"product_tag-ceyiz","10":"product_tag-mutfak","11":"product_tag-porselen","12":"product_tag-sofra","13":"product_tag-tabak","14":"product_tag-yemektakimi","15":"product_shipping_class-agir-urunler","16":"latest_post","18":"first","19":"instock","20":"sale","21":"taxable","22":"shipping-taxable","23":"purchasable","24":"product-type-simple"},"aioseo_notices":[],"_links":{"self":[{"href":"https:\/\/evkusu.com.tr\/index.php?rest_route=\/wp\/v2\/product\/774","targetHints":{"allow":["GET"]}}],"collection":[{"href":"https:\/\/evkusu.com.tr\/index.php?rest_route=\/wp\/v2\/product"}],"about":[{"href":"https:\/\/evkusu.com.tr\/index.php?rest_route=\/wp\/v2\/types\/product"}],"wp:featuredmedia":[{"embeddable":true,"href":"https:\/\/evkusu.com.tr\/index.php?rest_route=\/wp\/v2\/media\/775"}],"wp:attachment":[{"href":"https:\/\/evkusu.com.tr\/index.php?rest_route=%2Fwp%2Fv2%2Fmedia&parent=774"}],"wp:term":[{"taxonomy":"product_brand","embeddable":true,"href":"https:\/\/evkusu.com.tr\/index.php?rest_route=%2Fwp%2Fv2%2Fproduct_brand&post=774"},{"taxonomy":"product_cat","embeddable":true,"href":"https:\/\/evkusu.com.tr\/index.php?rest_route=%2Fwp%2Fv2%2Fproduct_cat&post=774"},{"taxonomy":"product_tag","embeddable":true,"href":"https:\/\/evkusu.com.tr\/index.php?rest_route=%2Fwp%2Fv2%2Fproduct_tag&post=774"}],"curies":[{"name":"wp","href":"https:\/\/api.w.org\/{rel}","templated":true}]}}