{"id":1287,"date":"2025-04-12T23:17:59","date_gmt":"2025-04-12T23:17:59","guid":{"rendered":"https:\/\/evkusu.com.tr\/?post_type=product&#038;p=1287"},"modified":"2025-04-17T12:28:06","modified_gmt":"2025-04-17T12:28:06","slug":"1287","status":"publish","type":"product","link":"https:\/\/evkusu.com.tr\/?product=1287","title":{"rendered":"Vintage \u00c7i\u00e7ekli Resim \u00c7er\u00e7evesi \u2013 El Boyal\u0131 Re\u00e7ine Foto\u011fraf \u00c7er\u00e7evesi, 20&#215;25 cm \u2013 D\u00fc\u011f\u00fcn Hediyesi, K\u00fcf Ye\u015fili, \u00dccretsiz Kargo &#x1f69a;"},"content":{"rendered":"<p class=\"\" data-start=\"555\" data-end=\"884\">Dayan\u0131kl\u0131 polyester re\u00e7ineden \u00fcretilen bu elle boyanm\u0131\u015f \u00e7i\u00e7ekli foto\u011fraf \u00e7er\u00e7evesiyle evinize romantik, vintage bir dokunu\u015f kat\u0131n. G\u00fczel bir 3D \u00e7i\u00e7ek tasar\u0131m\u0131na sahip ve be\u015f zarif renk se\u00e7ene\u011fiyle sunulan bu \u00e7er\u00e7eve \u2013 Antik Alt\u0131n, G\u00fcm\u00fc\u015f, K\u00fcf Ye\u015fili, Krem ve Kar\u0131\u015f\u0131k Renkler \u2013 en sevdi\u011finiz an\u0131lar\u0131n\u0131z\u0131 sergilemek i\u00e7in m\u00fckemmeldir.<\/p>\n<p class=\"\" data-start=\"886\" data-end=\"1209\">&#x1f4f8; <strong data-start=\"889\" data-end=\"904\">Foto\u011fraf Boyutu:<\/strong> 20 x 25 cm (yakla\u015f\u0131k 7.9&#8243; x 9.8&#8243;)<\/p>\n<p class=\"\" data-start=\"886\" data-end=\"1209\">&#x1f3a8; <strong data-start=\"939\" data-end=\"952\">Malzeme:<\/strong> Y\u00fcksek kaliteli polyester re\u00e7ine &#8211; \u00f6zenle elle boyanm\u0131\u015f <br data-start=\"1006\" data-end=\"1009\" \/>&#x1f338; <strong data-start=\"1012\" data-end=\"1023\">Tasar\u0131m:<\/strong> Rustik veya k\u0131r evi esteti\u011fi i\u00e7in m\u00fckemmel, kabartmal\u0131 karma\u015f\u0131k \u00e7i\u00e7ek detaylar\u0131 <br data-start=\"1105\" data-end=\"1108\" \/>&#x1f381; <strong data-start=\"1111\" data-end=\"1127\">\u015eunlar i\u00e7in m\u00fckemmel:<\/strong> D\u00fc\u011f\u00fcnler, y\u0131ld\u00f6n\u00fcmleri, bohem dekor, romantik hediyeler veya zamans\u0131z bir ev aksesuar\u0131<\/p>\n<p class=\"\" data-start=\"1211\" data-end=\"1392\">&#x1f5bc;&#xfe0f; Mekan\u0131n\u0131za benzersiz bir dokunu\u015f katmak i\u00e7in \u015f\u00f6mine raf\u0131na, rafa veya komodine yerle\u015ftirin. Her \u00e7er\u00e7eve sevgiyle elle boyanm\u0131\u015ft\u0131r, bu nedenle k\u00fc\u00e7\u00fck de\u011fi\u015fiklikler her par\u00e7ay\u0131 benzersiz k\u0131lar.<\/p>\n","protected":false},"excerpt":{"rendered":"<p>Dayan\u0131kl\u0131 polyester re\u00e7ineden \u00fcretilen bu elle boyanm\u0131\u015f \u00e7i\u00e7ekli foto\u011fraf \u00e7er\u00e7evesiyle evinize romantik, vintage bir dokunu\u015f kat\u0131n. G\u00fczel bir 3D \u00e7i\u00e7ek tasar\u0131m\u0131na sahip ve be\u015f zarif renk se\u00e7ene\u011fiyle sunulan bu \u00e7er\u00e7eve \u2013 Antik Alt\u0131n, G\u00fcm\u00fc\u015f, K\u00fcf Ye\u015fili, Krem ve Kar\u0131\u015f\u0131k Renkler &hellip; <\/p>\n","protected":false},"featured_media":1288,"template":"","meta":{"om_disable_all_campaigns":false,"_monsterinsights_skip_tracking":false,"_monsterinsights_sitenote_active":false,"_monsterinsights_sitenote_note":"","_monsterinsights_sitenote_category":0},"product_brand":[],"product_cat":[33],"product_tag":[247,235,242,230,246,244,232,237,245,226,240,236,115,224,223,243,238,225,233,231,229,241,234,222,228],"class_list":{"0":"post-1287","1":"product","2":"type-product","3":"status-publish","4":"has-post-thumbnail","6":"product_cat-dekoratif","7":"product_tag-20x25-cm-cerceve","8":"product_tag-antik-resim-cercevesi","9":"product_tag-antika-cerceve","10":"product_tag-antique-gold-frame","11":"product_tag-benzersiz-el-yapimi-cerceve","12":"product_tag-bohem-fotograf-cercevesi","13":"product_tag-boho-photo-frame","14":"product_tag-cicekli-resim-cercevesi","15":"product_tag-ciftler-icin-romantik-hediye","16":"product_tag-cottagecore-home-decor","17":"product_tag-dugun-hediyesi-cercevesi","18":"product_tag-elle-boyanmis-fotograf-cercevesi","19":"product_tag-ev-dekoru","20":"product_tag-floral-picture-frame","21":"product_tag-hand-painted-photo-frame","22":"product_tag-kuf-yesili-cerceve","23":"product_tag-recine-fotograf-cercevesi","24":"product_tag-resin-photo-frame","25":"product_tag-romantic-gift-for-couple","26":"product_tag-sage-green-frame","27":"product_tag-shabby-chic-decor","28":"product_tag-sik-dekor","29":"product_tag-unique-handmade-frame","30":"product_tag-vintage-picture-frame","31":"product_tag-wedding-gift-frame","32":"product_shipping_class-hafif-urunler","33":"latest_post","35":"first","36":"instock","37":"sale","38":"taxable","39":"shipping-taxable","40":"purchasable","41":"product-type-simple"},"aioseo_notices":[],"_links":{"self":[{"href":"https:\/\/evkusu.com.tr\/index.php?rest_route=\/wp\/v2\/product\/1287","targetHints":{"allow":["GET"]}}],"collection":[{"href":"https:\/\/evkusu.com.tr\/index.php?rest_route=\/wp\/v2\/product"}],"about":[{"href":"https:\/\/evkusu.com.tr\/index.php?rest_route=\/wp\/v2\/types\/product"}],"wp:featuredmedia":[{"embeddable":true,"href":"https:\/\/evkusu.com.tr\/index.php?rest_route=\/wp\/v2\/media\/1288"}],"wp:attachment":[{"href":"https:\/\/evkusu.com.tr\/index.php?rest_route=%2Fwp%2Fv2%2Fmedia&parent=1287"}],"wp:term":[{"taxonomy":"product_brand","embeddable":true,"href":"https:\/\/evkusu.com.tr\/index.php?rest_route=%2Fwp%2Fv2%2Fproduct_brand&post=1287"},{"taxonomy":"product_cat","embeddable":true,"href":"https:\/\/evkusu.com.tr\/index.php?rest_route=%2Fwp%2Fv2%2Fproduct_cat&post=1287"},{"taxonomy":"product_tag","embeddable":true,"href":"https:\/\/evkusu.com.tr\/index.php?rest_route=%2Fwp%2Fv2%2Fproduct_tag&post=1287"}],"curies":[{"name":"wp","href":"https:\/\/api.w.org\/{rel}","templated":true}]}}