{"id":534,"date":"2025-03-14T19:39:04","date_gmt":"2025-03-14T19:39:04","guid":{"rendered":"https:\/\/evkusu.com.tr\/?page_id=534"},"modified":"2025-03-15T13:58:54","modified_gmt":"2025-03-15T13:58:54","slug":"sepet","status":"publish","type":"page","link":"https:\/\/evkusu.com.tr\/?page_id=534","title":{"rendered":"Sepet"},"content":{"rendered":"<div data-block-name=\"woocommerce\/cart\" class=\"wp-block-woocommerce-cart alignwide is-loading\"><div data-block-name=\"woocommerce\/filled-cart-block\" class=\"wp-block-woocommerce-filled-cart-block\"><div data-block-name=\"woocommerce\/cart-items-block\" class=\"wp-block-woocommerce-cart-items-block\"><div data-block-name=\"woocommerce\/cart-line-items-block\" class=\"wp-block-woocommerce-cart-line-items-block\"><\/div>\n\n<div data-block-name=\"woocommerce\/cart-cross-sells-block\" class=\"wp-block-woocommerce-cart-cross-sells-block\"><h2 class=\"wp-block-heading has-large-font-size\">\u0130lginizi \u00e7ekebilir\u2026<\/h2>\n\n<div data-block-name=\"woocommerce\/cart-cross-sells-products-block\" class=\"wp-block-woocommerce-cart-cross-sells-products-block\"><\/div><\/div><\/div>\n\n<div data-block-name=\"woocommerce\/cart-totals-block\" class=\"wp-block-woocommerce-cart-totals-block\"><div data-block-name=\"woocommerce\/cart-order-summary-block\" class=\"wp-block-woocommerce-cart-order-summary-block\"><div data-block-name=\"woocommerce\/cart-order-summary-heading-block\" class=\"wp-block-woocommerce-cart-order-summary-heading-block\"><\/div><div data-block-name=\"woocommerce\/cart-order-summary-coupon-form-block\" class=\"wp-block-woocommerce-cart-order-summary-coupon-form-block\"><\/div><div data-block-name=\"woocommerce\/cart-order-summary-totals-block\" class=\"wp-block-woocommerce-cart-order-summary-totals-block\">\n<div data-block-name=\"woocommerce\/cart-order-summary-subtotal-block\" class=\"wp-block-woocommerce-cart-order-summary-subtotal-block\"><\/div>\n<div data-block-name=\"woocommerce\/cart-order-summary-discount-block\" class=\"wp-block-woocommerce-cart-order-summary-discount-block\"><\/div>\n<div data-block-name=\"woocommerce\/cart-order-summary-fee-block\" class=\"wp-block-woocommerce-cart-order-summary-fee-block\"><\/div>\n<div data-block-name=\"woocommerce\/cart-order-summary-shipping-block\" class=\"wp-block-woocommerce-cart-order-summary-shipping-block\"><\/div>\n<div data-block-name=\"woocommerce\/cart-order-summary-taxes-block\" class=\"wp-block-woocommerce-cart-order-summary-taxes-block\"><\/div><\/div><\/div>\n\n<div data-block-name=\"woocommerce\/cart-express-payment-block\" class=\"wp-block-woocommerce-cart-express-payment-block\"><\/div>\n\n<div data-block-name=\"woocommerce\/proceed-to-checkout-block\" class=\"wp-block-woocommerce-proceed-to-checkout-block\"><\/div>\n\n<div data-block-name=\"woocommerce\/cart-accepted-payment-methods-block\" class=\"wp-block-woocommerce-cart-accepted-payment-methods-block\"><\/div><\/div><\/div>\n\n<div data-block-name=\"woocommerce\/empty-cart-block\" class=\"wp-block-woocommerce-empty-cart-block\"><h2 class=\"wp-block-heading has-text-align-center with-empty-cart-icon wc-block-cart__empty-cart__title\">Sepetiniz \u015fu anda bo\u015f!<\/h2>\n\n<hr class=\"wp-block-separator has-alpha-channel-opacity is-style-dots\"\/>\n\n<h2 class=\"wp-block-heading has-text-align-center\">Ma\u011fazada yeni<\/h2>\n\n<div data-block-name=\"woocommerce\/product-new\" data-columns=\"4\" data-rows=\"1\" class=\"wc-block-grid wp-block-product-new wp-block-woocommerce-product-new wc-block-product-new has-4-columns\"><ul class=\"wc-block-grid__products\"><li class=\"wc-block-grid__product\">\n\t\t\t\t<a href=\"https:\/\/evkusu.com.tr\/?product=kedi-biblo-seti-el-boyali-ev-dekorasyonu-heykeli-modern-raf-susu-antik-gold\" class=\"wc-block-grid__product-link\">\n\t\t\t\t\t<div class=\"wc-block-grid__product-onsale\">\n\t\t\t<span aria-hidden=\"true\">\u0130ndirim<\/span>\n\t\t\t<span class=\"screen-reader-text\">\u0130ndirimdeki \u00fcr\u00fcn<\/span>\n\t\t<\/div>\n\t\t\t\t\t<div class=\"wc-block-grid__product-image\"><img fetchpriority=\"high\" decoding=\"async\" width=\"300\" height=\"300\" src=\"https:\/\/evkusu.com.tr\/wp-content\/uploads\/2025\/04\/5-11-300x300.avif\" class=\"attachment-woocommerce_thumbnail size-woocommerce_thumbnail\" alt=\"Kedi Biblo  Seti \u2013 El Boyal\u0131 Ev Dekorasyonu Heykeli, Modern Raf S\u00fcs\u00fc, Antik Gold\" srcset=\"https:\/\/evkusu.com.tr\/wp-content\/uploads\/2025\/04\/5-11-300x300.avif 300w, https:\/\/evkusu.com.tr\/wp-content\/uploads\/2025\/04\/5-11-1024x1024.avif 1024w, https:\/\/evkusu.com.tr\/wp-content\/uploads\/2025\/04\/5-11-150x150.avif 150w, https:\/\/evkusu.com.tr\/wp-content\/uploads\/2025\/04\/5-11-768x768.avif 768w, https:\/\/evkusu.com.tr\/wp-content\/uploads\/2025\/04\/5-11-1536x1536.avif 1536w, https:\/\/evkusu.com.tr\/wp-content\/uploads\/2025\/04\/5-11-60x60.avif 60w, https:\/\/evkusu.com.tr\/wp-content\/uploads\/2025\/04\/5-11-600x600.avif 600w, https:\/\/evkusu.com.tr\/wp-content\/uploads\/2025\/04\/5-11-100x100.avif 100w, https:\/\/evkusu.com.tr\/wp-content\/uploads\/2025\/04\/5-11-png.avif 2000w\" sizes=\"(max-width: 300px) 100vw, 300px\" \/><\/div>\n\t\t\t\t\t<div class=\"wc-block-grid__product-title\">Kedi Biblo  Seti \u2013 El Boyal\u0131 Ev Dekorasyonu Heykeli, Modern Raf S\u00fcs\u00fc, Antik Gold<\/div>\n\t\t\t\t<\/a>\n\t\t\t\t<div class=\"wc-block-grid__product-price price\"><del aria-hidden=\"true\"><span class=\"woocommerce-Price-amount amount\"><span class=\"woocommerce-Price-currencySymbol\">&#8378;<\/span>1.900,00<\/span><\/del> <span class=\"screen-reader-text\">Orijinal fiyat: &#8378;1.900,00.<\/span><ins aria-hidden=\"true\"><span class=\"woocommerce-Price-amount amount\"><span class=\"woocommerce-Price-currencySymbol\">&#8378;<\/span>1.599,00<\/span><\/ins><span class=\"screen-reader-text\">\u015eu andaki fiyat: &#8378;1.599,00.<\/span><\/div>\n\t\t\t\t\n\t\t\t\t<div class=\"wp-block-button wc-block-grid__product-add-to-cart\"><a href=\"?add-to-cart=1440\" aria-label=\"Sepete ekle: \u201cKedi Biblo  Seti \u2013 El Boyal\u0131 Ev Dekorasyonu Heykeli, Modern Raf S\u00fcs\u00fc, Antik Gold\u201d\" data-quantity=\"1\" data-product_id=\"1440\" data-product_sku=\"\" data-price=\"1599\" rel=\"nofollow\" class=\"wp-block-button__link  add_to_cart_button ajax_add_to_cart\">Sepete Ekle<\/a><\/div>\n\t\t\t<\/li><li class=\"wc-block-grid__product\">\n\t\t\t\t<a href=\"https:\/\/evkusu.com.tr\/?product=kedi-biblo-seti-el-boyali-ev-dekorasyonu-heykeli-modern-raf-susu-kuf-yesili\" class=\"wc-block-grid__product-link\">\n\t\t\t\t\t<div class=\"wc-block-grid__product-onsale\">\n\t\t\t<span aria-hidden=\"true\">\u0130ndirim<\/span>\n\t\t\t<span class=\"screen-reader-text\">\u0130ndirimdeki \u00fcr\u00fcn<\/span>\n\t\t<\/div>\n\t\t\t\t\t<div class=\"wc-block-grid__product-image\"><img decoding=\"async\" width=\"300\" height=\"300\" src=\"https:\/\/evkusu.com.tr\/wp-content\/uploads\/2025\/04\/4-11-300x300.avif\" class=\"attachment-woocommerce_thumbnail size-woocommerce_thumbnail\" alt=\"Kedi Biblo  Seti \u2013 El Boyal\u0131 Ev Dekorasyonu Heykeli, Modern Raf S\u00fcs\u00fc, K\u00fcf Ye\u015fili\" srcset=\"https:\/\/evkusu.com.tr\/wp-content\/uploads\/2025\/04\/4-11-300x300.avif 300w, https:\/\/evkusu.com.tr\/wp-content\/uploads\/2025\/04\/4-11-1024x1024.avif 1024w, https:\/\/evkusu.com.tr\/wp-content\/uploads\/2025\/04\/4-11-150x150.avif 150w, https:\/\/evkusu.com.tr\/wp-content\/uploads\/2025\/04\/4-11-768x768.avif 768w, https:\/\/evkusu.com.tr\/wp-content\/uploads\/2025\/04\/4-11-1536x1536.avif 1536w, https:\/\/evkusu.com.tr\/wp-content\/uploads\/2025\/04\/4-11-60x60.avif 60w, https:\/\/evkusu.com.tr\/wp-content\/uploads\/2025\/04\/4-11-600x600.avif 600w, https:\/\/evkusu.com.tr\/wp-content\/uploads\/2025\/04\/4-11-100x100.avif 100w, https:\/\/evkusu.com.tr\/wp-content\/uploads\/2025\/04\/4-11-png.avif 2000w\" sizes=\"(max-width: 300px) 100vw, 300px\" \/><\/div>\n\t\t\t\t\t<div class=\"wc-block-grid__product-title\">Kedi Biblo  Seti \u2013 El Boyal\u0131 Ev Dekorasyonu Heykeli, Modern Raf S\u00fcs\u00fc, K\u00fcf Ye\u015fili<\/div>\n\t\t\t\t<\/a>\n\t\t\t\t<div class=\"wc-block-grid__product-price price\"><del aria-hidden=\"true\"><span class=\"woocommerce-Price-amount amount\"><span class=\"woocommerce-Price-currencySymbol\">&#8378;<\/span>1.900,00<\/span><\/del> <span class=\"screen-reader-text\">Orijinal fiyat: &#8378;1.900,00.<\/span><ins aria-hidden=\"true\"><span class=\"woocommerce-Price-amount amount\"><span class=\"woocommerce-Price-currencySymbol\">&#8378;<\/span>1.599,00<\/span><\/ins><span class=\"screen-reader-text\">\u015eu andaki fiyat: &#8378;1.599,00.<\/span><\/div>\n\t\t\t\t\n\t\t\t\t<div class=\"wp-block-button wc-block-grid__product-add-to-cart\"><a href=\"?add-to-cart=1438\" aria-label=\"Sepete ekle: \u201cKedi Biblo  Seti \u2013 El Boyal\u0131 Ev Dekorasyonu Heykeli, Modern Raf S\u00fcs\u00fc, K\u00fcf Ye\u015fili\u201d\" data-quantity=\"1\" data-product_id=\"1438\" data-product_sku=\"\" data-price=\"1599\" rel=\"nofollow\" class=\"wp-block-button__link  add_to_cart_button ajax_add_to_cart\">Sepete Ekle<\/a><\/div>\n\t\t\t<\/li><li class=\"wc-block-grid__product\">\n\t\t\t\t<a href=\"https:\/\/evkusu.com.tr\/?product=kedi-biblo-seti-el-boyali-ev-dekorasyonu-heykeli-modern-raf-susu-gumus\" class=\"wc-block-grid__product-link\">\n\t\t\t\t\t<div class=\"wc-block-grid__product-onsale\">\n\t\t\t<span aria-hidden=\"true\">\u0130ndirim<\/span>\n\t\t\t<span class=\"screen-reader-text\">\u0130ndirimdeki \u00fcr\u00fcn<\/span>\n\t\t<\/div>\n\t\t\t\t\t<div class=\"wc-block-grid__product-image\"><img decoding=\"async\" width=\"300\" height=\"300\" src=\"https:\/\/evkusu.com.tr\/wp-content\/uploads\/2025\/04\/3-13-300x300.avif\" class=\"attachment-woocommerce_thumbnail size-woocommerce_thumbnail\" alt=\"Kedi Biblo  Seti \u2013 El Boyal\u0131 Ev Dekorasyonu Heykeli, Modern Raf S\u00fcs\u00fc, G\u00fcm\u00fc\u015f\" srcset=\"https:\/\/evkusu.com.tr\/wp-content\/uploads\/2025\/04\/3-13-300x300.avif 300w, https:\/\/evkusu.com.tr\/wp-content\/uploads\/2025\/04\/3-13-1024x1024.avif 1024w, https:\/\/evkusu.com.tr\/wp-content\/uploads\/2025\/04\/3-13-150x150.avif 150w, https:\/\/evkusu.com.tr\/wp-content\/uploads\/2025\/04\/3-13-768x768.avif 768w, https:\/\/evkusu.com.tr\/wp-content\/uploads\/2025\/04\/3-13-1536x1536.avif 1536w, https:\/\/evkusu.com.tr\/wp-content\/uploads\/2025\/04\/3-13-60x60.avif 60w, https:\/\/evkusu.com.tr\/wp-content\/uploads\/2025\/04\/3-13-600x600.avif 600w, https:\/\/evkusu.com.tr\/wp-content\/uploads\/2025\/04\/3-13-100x100.avif 100w, https:\/\/evkusu.com.tr\/wp-content\/uploads\/2025\/04\/3-13-png.avif 2000w\" sizes=\"(max-width: 300px) 100vw, 300px\" \/><\/div>\n\t\t\t\t\t<div class=\"wc-block-grid__product-title\">Kedi Biblo  Seti \u2013 El Boyal\u0131 Ev Dekorasyonu Heykeli, Modern Raf S\u00fcs\u00fc, G\u00fcm\u00fc\u015f<\/div>\n\t\t\t\t<\/a>\n\t\t\t\t<div class=\"wc-block-grid__product-price price\"><del aria-hidden=\"true\"><span class=\"woocommerce-Price-amount amount\"><span class=\"woocommerce-Price-currencySymbol\">&#8378;<\/span>1.900,00<\/span><\/del> <span class=\"screen-reader-text\">Orijinal fiyat: &#8378;1.900,00.<\/span><ins aria-hidden=\"true\"><span class=\"woocommerce-Price-amount amount\"><span class=\"woocommerce-Price-currencySymbol\">&#8378;<\/span>1.599,00<\/span><\/ins><span class=\"screen-reader-text\">\u015eu andaki fiyat: &#8378;1.599,00.<\/span><\/div>\n\t\t\t\t\n\t\t\t\t<div class=\"wp-block-button wc-block-grid__product-add-to-cart\"><a href=\"?add-to-cart=1435\" aria-label=\"Sepete ekle: \u201cKedi Biblo  Seti \u2013 El Boyal\u0131 Ev Dekorasyonu Heykeli, Modern Raf S\u00fcs\u00fc, G\u00fcm\u00fc\u015f\u201d\" data-quantity=\"1\" data-product_id=\"1435\" data-product_sku=\"\" data-price=\"1599\" rel=\"nofollow\" class=\"wp-block-button__link  add_to_cart_button ajax_add_to_cart\">Sepete Ekle<\/a><\/div>\n\t\t\t<\/li><li class=\"wc-block-grid__product\">\n\t\t\t\t<a href=\"https:\/\/evkusu.com.tr\/?product=kedi-biblo-seti-el-boyali-ev-dekorasyonu-heykeli-modern-raf-susu-karma-renk\" class=\"wc-block-grid__product-link\">\n\t\t\t\t\t<div class=\"wc-block-grid__product-onsale\">\n\t\t\t<span aria-hidden=\"true\">\u0130ndirim<\/span>\n\t\t\t<span class=\"screen-reader-text\">\u0130ndirimdeki \u00fcr\u00fcn<\/span>\n\t\t<\/div>\n\t\t\t\t\t<div class=\"wc-block-grid__product-image\"><img loading=\"lazy\" decoding=\"async\" width=\"300\" height=\"300\" src=\"https:\/\/evkusu.com.tr\/wp-content\/uploads\/2025\/04\/2-13-300x300.avif\" class=\"attachment-woocommerce_thumbnail size-woocommerce_thumbnail\" alt=\"kedi biblo seti\" srcset=\"https:\/\/evkusu.com.tr\/wp-content\/uploads\/2025\/04\/2-13-300x300.avif 300w, https:\/\/evkusu.com.tr\/wp-content\/uploads\/2025\/04\/2-13-1024x1024.avif 1024w, https:\/\/evkusu.com.tr\/wp-content\/uploads\/2025\/04\/2-13-150x150.avif 150w, https:\/\/evkusu.com.tr\/wp-content\/uploads\/2025\/04\/2-13-768x768.avif 768w, https:\/\/evkusu.com.tr\/wp-content\/uploads\/2025\/04\/2-13-1536x1536.avif 1536w, https:\/\/evkusu.com.tr\/wp-content\/uploads\/2025\/04\/2-13-60x60.avif 60w, https:\/\/evkusu.com.tr\/wp-content\/uploads\/2025\/04\/2-13-600x600.avif 600w, https:\/\/evkusu.com.tr\/wp-content\/uploads\/2025\/04\/2-13-100x100.avif 100w, https:\/\/evkusu.com.tr\/wp-content\/uploads\/2025\/04\/2-13-png.avif 2000w\" sizes=\"(max-width: 300px) 100vw, 300px\" \/><\/div>\n\t\t\t\t\t<div class=\"wc-block-grid__product-title\">Kedi Biblo  Seti \u2013 El Boyal\u0131 Ev Dekorasyonu Heykeli, Modern Raf S\u00fcs\u00fc, Karma Renk<\/div>\n\t\t\t\t<\/a>\n\t\t\t\t<div class=\"wc-block-grid__product-price price\"><del aria-hidden=\"true\"><span class=\"woocommerce-Price-amount amount\"><span class=\"woocommerce-Price-currencySymbol\">&#8378;<\/span>1.900,00<\/span><\/del> <span class=\"screen-reader-text\">Orijinal fiyat: &#8378;1.900,00.<\/span><ins aria-hidden=\"true\"><span class=\"woocommerce-Price-amount amount\"><span class=\"woocommerce-Price-currencySymbol\">&#8378;<\/span>1.599,00<\/span><\/ins><span class=\"screen-reader-text\">\u015eu andaki fiyat: &#8378;1.599,00.<\/span><\/div>\n\t\t\t\t\n\t\t\t\t<div class=\"wp-block-button wc-block-grid__product-add-to-cart\"><a href=\"?add-to-cart=1433\" aria-label=\"Sepete ekle: \u201cKedi Biblo  Seti \u2013 El Boyal\u0131 Ev Dekorasyonu Heykeli, Modern Raf S\u00fcs\u00fc, Karma Renk\u201d\" data-quantity=\"1\" data-product_id=\"1433\" data-product_sku=\"\" data-price=\"1599\" rel=\"nofollow\" class=\"wp-block-button__link  add_to_cart_button ajax_add_to_cart\">Sepete Ekle<\/a><\/div>\n\t\t\t<\/li><\/ul><\/div><\/div><\/div>","protected":false},"excerpt":{"rendered":"","protected":false},"author":1,"featured_media":0,"parent":0,"menu_order":0,"comment_status":"closed","ping_status":"closed","template":"","meta":{"om_disable_all_campaigns":false,"_monsterinsights_skip_tracking":false,"_monsterinsights_sitenote_active":false,"_monsterinsights_sitenote_note":"","_monsterinsights_sitenote_category":0,"footnotes":""},"class_list":["post-534","page","type-page","status-publish","hentry","latest_post"],"aioseo_notices":[],"_links":{"self":[{"href":"https:\/\/evkusu.com.tr\/index.php?rest_route=\/wp\/v2\/pages\/534","targetHints":{"allow":["GET"]}}],"collection":[{"href":"https:\/\/evkusu.com.tr\/index.php?rest_route=\/wp\/v2\/pages"}],"about":[{"href":"https:\/\/evkusu.com.tr\/index.php?rest_route=\/wp\/v2\/types\/page"}],"author":[{"embeddable":true,"href":"https:\/\/evkusu.com.tr\/index.php?rest_route=\/wp\/v2\/users\/1"}],"replies":[{"embeddable":true,"href":"https:\/\/evkusu.com.tr\/index.php?rest_route=%2Fwp%2Fv2%2Fcomments&post=534"}],"version-history":[{"count":1,"href":"https:\/\/evkusu.com.tr\/index.php?rest_route=\/wp\/v2\/pages\/534\/revisions"}],"predecessor-version":[{"id":706,"href":"https:\/\/evkusu.com.tr\/index.php?rest_route=\/wp\/v2\/pages\/534\/revisions\/706"}],"wp:attachment":[{"href":"https:\/\/evkusu.com.tr\/index.php?rest_route=%2Fwp%2Fv2%2Fmedia&parent=534"}],"curies":[{"name":"wp","href":"https:\/\/api.w.org\/{rel}","templated":true}]}}