{"id":12,"date":"2025-03-14T08:31:03","date_gmt":"2025-03-14T08:31:03","guid":{"rendered":"https:\/\/evkusu.com.tr\/?page_id=12"},"modified":"2025-04-13T02:39:54","modified_gmt":"2025-04-13T02:39:54","slug":"ana-sayfa","status":"publish","type":"page","link":"https:\/\/evkusu.com.tr\/","title":{"rendered":"Ana Sayfa"},"content":{"rendered":"\t\t<div data-elementor-type=\"wp-page\" data-elementor-id=\"12\" class=\"elementor elementor-12\">\n\t\t\t\t<div class=\"elementor-element elementor-element-6f0a11e e-con-full e-flex e-con e-parent\" data-id=\"6f0a11e\" data-element_type=\"container\">\n\t\t\t\t<div class=\"elementor-element elementor-element-857152c elementor-widget elementor-widget-slider_revolution\" data-id=\"857152c\" data-element_type=\"widget\" data-widget_type=\"slider_revolution.default\">\n\t\t\t\t<div class=\"elementor-widget-container\">\n\t\t\t\t\t\n\t\t<div class=\"wp-block-themepunch-revslider\">\n\t\t\t\t<p class=\"rs-p-wp-fix\"><\/p>\n\t\t\t\t<sr7-module data-alias=\"slider-2\" data-id=\"3\" id=\"SR7_3_1\" class=\"rs-ov-hidden\" data-version=\"6.7.30\">\n\t\t\t\t\t<sr7-adjuster><\/sr7-adjuster>\n\t\t\t\t\t<sr7-content>\n\t\t\t\t\t\t<sr7-slide id=\"SR7_3_1-12\" data-key=\"12\">\n\t\t\t\t\t\t<\/sr7-slide>\n\t\t\t\t\t\t<sr7-slide id=\"SR7_3_1-9\" data-key=\"9\">\n\t\t\t\t\t\t<\/sr7-slide>\n\t\t\t\t\t\t<sr7-slide id=\"SR7_3_1-10\" data-key=\"10\">\n\t\t\t\t\t\t<\/sr7-slide>\n\t\t\t\t\t\t<sr7-slide id=\"SR7_3_1-11\" data-key=\"11\">\n\t\t\t\t\t\t<\/sr7-slide>\n\t\t\t\t\t\t<sr7-slide id=\"SR7_3_1-13\" data-key=\"13\">\n\t\t\t\t\t\t<\/sr7-slide>\n\t\t\t\t\t\t<sr7-slide id=\"SR7_3_1-7\" data-key=\"7\">\n\t\t\t\t\t\t<\/sr7-slide>\n\t\t\t\t\t<\/sr7-content>\n\t\t\t\t\t<image_lists style=\"display:none\">\n\t\t\t\t\t\t<img data-src=\"\/\/evkusu.com.tr\/wp-content\/uploads\/2026\/04\/1-Ads\u0131z%20tasar\u0131m%20(6)-png.avif\" data-libid=\"1625\" data-lib=\"medialibrary\" title=\"Ads\u0131z tasar\u0131m (6)\" width=\"0\" height=\"0\" data-dbsrc=\"Ly9ldmt1c3UuY29tLnRyL3dwLWNvbnRlbnQvdXBsb2Fkcy8yMDI2LzA0LzEtQWRzxLF6JTIwdGFzYXLEsW0lMjAoNiktcG5nLmF2aWY=\"\/>\n\t\t\t\t\t\t<img data-src=\"\/\/evkusu.com.tr\/wp-content\/uploads\/2026\/04\/2-Bodrum%20Koleksiyonu-png.avif\" data-libid=\"1626\" data-lib=\"medialibrary\" title=\"Bodrum Koleksiyonu\" width=\"0\" height=\"0\" data-dbsrc=\"Ly9ldmt1c3UuY29tLnRyL3dwLWNvbnRlbnQvdXBsb2Fkcy8yMDI2LzA0LzItQm9kcnVtJTIwS29sZWtzaXlvbnUtcG5nLmF2aWY=\"\/>\n\t\t\t\t\t\t<img data-src=\"\/\/evkusu.com.tr\/wp-content\/uploads\/2026\/04\/2-Patchwork%20Banner-png.avif\" data-libid=\"1632\" data-lib=\"medialibrary\" alt=\"Patchwork dijital bask\u0131 masa \u00f6rt\u00fcs\u00fc, perde, k\u0131rlent, runner\" title=\"Patchwork Banner\" width=\"0\" height=\"0\" data-dbsrc=\"Ly9ldmt1c3UuY29tLnRyL3dwLWNvbnRlbnQvdXBsb2Fkcy8yMDI2LzA0LzItUGF0Y2h3b3JrJTIwQmFubmVyLXBuZy5hdmlm\"\/>\n\t\t\t\t\t\t<img loading=\"lazy\" data-src=\"\/\/evkusu.com.tr\/wp-content\/uploads\/2026\/04\/1-K\u0131rlang\u0131\u00e7%20desenleriyle%20ya\u015fam%20alanlar\u0131n\u0131za%20sakin%20ve%20se\u00e7kin%20bir%20hava%20ekleyin.-png.avif\" data-libid=\"1630\" data-lib=\"medialibrary\" title=\"K\u0131rlang\u0131\u00e7 desenleriyle ya\u015fam alanlar\u0131n\u0131za sakin ve se\u00e7kin bir hava ekleyin.\" width=\"0\" height=\"0\" data-dbsrc=\"Ly9ldmt1c3UuY29tLnRyL3dwLWNvbnRlbnQvdXBsb2Fkcy8yMDI2LzA0LzEtS8SxcmxhbmfEscOnJTIwZGVzZW5sZXJpeWxlJTIweWHFn2FtJTIwYWxhbmxhcsSxbsSxemElMjBzYWtpbiUyMHZlJTIwc2XDp2tpbiUyMGJpciUyMGhhdmElMjBla2xleWluLi1wbmcuYXZpZg==\"\/>\n\t\t\t\t\t\t<img loading=\"lazy\" data-src=\"\/\/evkusu.com.tr\/wp-content\/uploads\/2026\/04\/1-Zambak%20Banner-png.avif\" data-libid=\"1633\" data-lib=\"medialibrary\" title=\"Zambak Banner\" width=\"0\" height=\"0\" data-dbsrc=\"Ly9ldmt1c3UuY29tLnRyL3dwLWNvbnRlbnQvdXBsb2Fkcy8yMDI2LzA0LzEtWmFtYmFrJTIwQmFubmVyLXBuZy5hdmlm\"\/>\n\t\t\t\t\t<\/image_lists>\n\t\t\t\t<\/sr7-module>\n\t\t\t\t<script>\n\t\t\t\t\tSR7.PMH ??={}; SR7.PMH[\"SR7_3_1\"] = {cn:100,state:false,fn: function() { if (_tpt!==undefined && _tpt.prepareModuleHeight !== undefined) {  _tpt.prepareModuleHeight({id:\"SR7_3_1\",el:[600,600,768,960,720],type:'standard',shdw:'0',gh:[600,600,495,376,232],gw:[1240,1240,1024,778,480],vpt:['-100px'],size:{fullWidth:true, fullHeight:false},mh:'0',onh:0,onw:0,bg:{color:'{\"orig\":\"transparent\",\"type\":\"solid\",\"string\":\"transparent\"}'}});   SR7.PMH[\"SR7_3_1\"].state=true;} else if(SR7.PMH[\"SR7_3_1\"].cn-->0)\tsetTimeout( SR7.PMH[\"SR7_3_1\"].fn,19);}};SR7.PMH[\"SR7_3_1\" ].fn();\n\t\t\t\t<\/script>\n<\/div>\n\n\t\t\t\t\t\t<\/div>\n\t\t\t\t<\/div>\n\t\t\t\t<\/div>\n\t\t<div class=\"elementor-element elementor-element-9da2340 e-flex e-con-boxed e-con e-parent\" data-id=\"9da2340\" data-element_type=\"container\">\n\t\t\t\t\t<div class=\"e-con-inner\">\n\t\t\t\t<div class=\"elementor-element elementor-element-3f1d93f elementor-widget elementor-widget-woo_category_boxes\" data-id=\"3f1d93f\" data-element_type=\"widget\" data-widget_type=\"woo_category_boxes.default\">\n\t\t\t\t<div class=\"elementor-widget-container\">\n\t\t\t\t\t                    <style>\n                        .woo-category-slider {\n                            display: flex;\n                            flex-wrap: wrap;\n                            margin: 0 -10px;\n                        }\n                        .category-box {\n                            flex: 0 0 calc(25% - 20px);\n                            margin: 10px;\n                            text-align: center;\n                            background: #fff;\n                            border-radius: 8px;\n                            overflow: hidden;\n                            box-shadow: 0 2px 5px rgba(0,0,0,0.1);\n                            cursor: pointer;\n                            transition: all 0.3s ease;\n                            text-decoration: none; \/* Link alt \u00e7izgisini kald\u0131r *\/\n                            color: inherit; \/* Link rengini inherit yap *\/\n                            display: block; \/* Link blo\u011fu tam kapsas\u0131n *\/\n                        }\n                        .category-box:hover {\n                            transform: translateY(-5px);\n                            box-shadow: 0 5px 15px rgba(0,0,0,0.2);\n                        }\n                        .category-box img {\n                            width: 100%;\n                            height: auto;\n                            object-fit: cover;\n                            transition: transform 0.3s ease;\n                        }\n                        .category-box:hover img {\n                            transform: scale(1.05);\n                        }\n                        .category-box h3 {\n                            padding: 15px;\n                            margin: 0;\n                            font-size: 16px;\n                            color: #333;\n                        }\n                        @media (max-width: 768px) {\n                            .category-box {\n                                flex: 0 0 calc(50% - 20px);\n                            }\n                        }\n                        \/* Slick slider \u00f6zelle\u015ftirmeleri *\/\n                        .slick-dots {\n                            bottom: -30px;\n                        }\n                        .slick-dots li button:before {\n                            font-size: 12px;\n                        }\n                        .slick-prev, .slick-next {\n                            z-index: 1;\n                        }\n                        .slick-prev {\n                            left: 10px;\n                        }\n                        .slick-next {\n                            right: 10px;\n                        }\n                    <\/style>\n                    <div class=\"woo-category-slider\">\n                                                    <a href=\"https:\/\/evkusu.com.tr\/?product_cat=kirlent\" class=\"category-box\">\n                                                                    <img decoding=\"async\" src=\"https:\/\/evkusu.com.tr\/wp-content\/uploads\/2026\/04\/MARIN-COLLECTION-png.avif\" alt=\"Ev Tekstili\">\n                                                                <h3>Ev Tekstili<\/h3>\n                            <\/a>\n                                                    <a href=\"https:\/\/evkusu.com.tr\/?product_cat=flower\" class=\"category-box\">\n                                                                    <img decoding=\"async\" src=\"https:\/\/evkusu.com.tr\/wp-content\/uploads\/2026\/04\/MARIN-COLLECTION-1-png.avif\" alt=\"Elegant Flower Series\">\n                                                                <h3>Elegant Flower Series<\/h3>\n                            <\/a>\n                                                    <a href=\"https:\/\/evkusu.com.tr\/?product_cat=ev-tekstili\" class=\"category-box\">\n                                                                    <img decoding=\"async\" src=\"https:\/\/evkusu.com.tr\/wp-content\/uploads\/2025\/03\/BANYO-AKSESUARLARI-3.png\" alt=\"Ev Tekstili\">\n                                                                <h3>Ev Tekstili<\/h3>\n                            <\/a>\n                                                    <a href=\"https:\/\/evkusu.com.tr\/?product_cat=dekoratif\" class=\"category-box\">\n                                                                    <img decoding=\"async\" src=\"https:\/\/evkusu.com.tr\/wp-content\/uploads\/2025\/03\/BANYO-AKSESUARLARI-5.png\" alt=\"Dekoratif\">\n                                                                <h3>Dekoratif<\/h3>\n                            <\/a>\n                                            <\/div>\n                    <script>\n                    jQuery(document).ready(function($) {\n                        if ($('.woo-category-slider .category-box').length > 4) {\n                            $('.woo-category-slider').slick({\n                                dots: true,\n                                infinite: true,\n                                speed: 300,\n                                slidesToShow: 4,\n                                slidesToScroll: 1,\n                                responsive: [\n                                    {\n                                        breakpoint: 768,\n                                        settings: {\n                                            slidesToShow: 2,\n                                            slidesToScroll: 1\n                                        }\n                                    }\n                                ]\n                            });\n                        }\n                    });\n                    <\/script>\n                    \t\t\t\t<\/div>\n\t\t\t\t<\/div>\n\t\t\t\t\t<\/div>\n\t\t\t\t<\/div>\n\t\t<div class=\"elementor-element elementor-element-be56de6 e-flex e-con-boxed e-con e-parent\" data-id=\"be56de6\" data-element_type=\"container\">\n\t\t\t\t\t<div class=\"e-con-inner\">\n\t\t\t\t<div class=\"elementor-element elementor-element-0f42c83 elementor-widget elementor-widget-heading\" data-id=\"0f42c83\" data-element_type=\"widget\" data-widget_type=\"heading.default\">\n\t\t\t\t<div class=\"elementor-widget-container\">\n\t\t\t\t\t<h2 class=\"elementor-heading-title elementor-size-default\">Son Eklenen \u00dcr\u00fcnler<\/h2>\t\t\t\t<\/div>\n\t\t\t\t<\/div>\n\t\t\t\t<div class=\"elementor-element elementor-element-c3caa38 eael-product-grid-column-4 elementor-widget elementor-widget-eicon-woocommerce\" data-id=\"c3caa38\" data-element_type=\"widget\" data-widget_type=\"eicon-woocommerce.default\">\n\t\t\t\t<div class=\"elementor-widget-container\">\n\t\t\t\t\t\n        <div class=\"eael-product-grid eael-product-simple masonry\" id=\"eael-product-grid\" data-widget-id=\"c3caa38\" data-page-id=\"12\" data-nonce=\"2e7b2220b6\" >\n            <div class=\"woocommerce\">\n                <ul class=\"products\" data-layout-mode=\"masonry\">    <li class=\"product \">\n\t\t        <div class=\"eael-product-wrap\">\n\t\t\t<img fetchpriority=\"high\" decoding=\"async\" width=\"300\" height=\"300\" src=\"https:\/\/evkusu.com.tr\/wp-content\/uploads\/2025\/04\/5-11-300x300.avif\" class=\"attachment-woocommerce_thumbnail size-woocommerce_thumbnail wvs-archive-product-image\" alt=\"\" loading=\"eager\" \/><div class=\"eael-product-title\">\n                                <a href=\"https:\/\/evkusu.com.tr\/?product=kedi-biblo-seti-el-boyali-ev-dekorasyonu-heykeli-modern-raf-susu-antik-gold\" class=\"woocommerce-LoopProduct-link woocommerce-loop-product__link\"><h2 class=\"woocommerce-loop-product__title\">Kedi Biblo  Seti \u2013 El Boyal\u0131 Ev Dekorasyonu Heykeli, Modern Raf S\u00fcs\u00fc, Antik Gold<\/h2><\/a><\/div><div class=\"eael-star-rating star-rating\"><span style=\"width:0%\">5 \u00fczerinden <strong class=\"rating\">0<\/strong> oy ald\u0131<\/span><\/div><div class=\"eael-product-price\"><del><span class=\"woocommerce-Price-amount amount\"><span class=\"woocommerce-Price-currencySymbol\">&#8378;<\/span>1.900,00<\/span><\/del> <span class=\"screen-reader-text\">Orijinal fiyat: &#8378;1.900,00.<\/span><ins><span class=\"woocommerce-Price-amount amount\"><span class=\"woocommerce-Price-currencySymbol\">&#8378;<\/span>1.599,00<\/span><\/ins><span class=\"screen-reader-text\">\u015eu andaki fiyat: &#8378;1.599,00.<\/span><\/div>            <a href=\"?add-to-cart=1440\" aria-describedby=\"woocommerce_loop_add_to_cart_link_describedby_1440\" data-quantity=\"1\" class=\"button product_type_simple add_to_cart_button ajax_add_to_cart\" data-product_id=\"1440\" data-product_sku=\"\" aria-label=\"Sepete ekle: \u201cKedi Biblo  Seti \u2013 El Boyal\u0131 Ev Dekorasyonu Heykeli, Modern Raf S\u00fcs\u00fc, Antik Gold\u201d\" rel=\"nofollow\" data-success_message=\"&quot;Kedi Biblo  Seti \u2013 El Boyal\u0131 Ev Dekorasyonu Heykeli, Modern Raf S\u00fcs\u00fc, Antik Gold&quot; sepetinize eklendi\">Sepete Ekle<\/a>\t<span id=\"woocommerce_loop_add_to_cart_link_describedby_1440\" class=\"screen-reader-text\">\n\t\t\t<\/span>\n                    <\/div>\n\n    <\/li>\n\t    <li class=\"product \">\n\t\t        <div class=\"eael-product-wrap\">\n\t\t\t<img decoding=\"async\" width=\"300\" height=\"300\" src=\"https:\/\/evkusu.com.tr\/wp-content\/uploads\/2025\/04\/4-11-300x300.avif\" class=\"attachment-woocommerce_thumbnail size-woocommerce_thumbnail wvs-archive-product-image\" alt=\"\" loading=\"eager\" \/><div class=\"eael-product-title\">\n                                <a href=\"https:\/\/evkusu.com.tr\/?product=kedi-biblo-seti-el-boyali-ev-dekorasyonu-heykeli-modern-raf-susu-kuf-yesili\" class=\"woocommerce-LoopProduct-link woocommerce-loop-product__link\"><h2 class=\"woocommerce-loop-product__title\">Kedi Biblo  Seti \u2013 El Boyal\u0131 Ev Dekorasyonu Heykeli, Modern Raf S\u00fcs\u00fc, K\u00fcf Ye\u015fili<\/h2><\/a><\/div><div class=\"eael-star-rating star-rating\"><span style=\"width:0%\">5 \u00fczerinden <strong class=\"rating\">0<\/strong> oy ald\u0131<\/span><\/div><div class=\"eael-product-price\"><del><span class=\"woocommerce-Price-amount amount\"><span class=\"woocommerce-Price-currencySymbol\">&#8378;<\/span>1.900,00<\/span><\/del> <span class=\"screen-reader-text\">Orijinal fiyat: &#8378;1.900,00.<\/span><ins><span class=\"woocommerce-Price-amount amount\"><span class=\"woocommerce-Price-currencySymbol\">&#8378;<\/span>1.599,00<\/span><\/ins><span class=\"screen-reader-text\">\u015eu andaki fiyat: &#8378;1.599,00.<\/span><\/div>            <a href=\"?add-to-cart=1438\" aria-describedby=\"woocommerce_loop_add_to_cart_link_describedby_1438\" data-quantity=\"1\" class=\"button product_type_simple add_to_cart_button ajax_add_to_cart\" data-product_id=\"1438\" data-product_sku=\"\" aria-label=\"Sepete ekle: \u201cKedi Biblo  Seti \u2013 El Boyal\u0131 Ev Dekorasyonu Heykeli, Modern Raf S\u00fcs\u00fc, K\u00fcf Ye\u015fili\u201d\" rel=\"nofollow\" data-success_message=\"&quot;Kedi Biblo  Seti \u2013 El Boyal\u0131 Ev Dekorasyonu Heykeli, Modern Raf S\u00fcs\u00fc, K\u00fcf Ye\u015fili&quot; sepetinize eklendi\">Sepete Ekle<\/a>\t<span id=\"woocommerce_loop_add_to_cart_link_describedby_1438\" class=\"screen-reader-text\">\n\t\t\t<\/span>\n                    <\/div>\n\n    <\/li>\n\t    <li class=\"product \">\n\t\t        <div class=\"eael-product-wrap\">\n\t\t\t<img decoding=\"async\" width=\"300\" height=\"300\" src=\"https:\/\/evkusu.com.tr\/wp-content\/uploads\/2025\/04\/3-13-300x300.avif\" class=\"attachment-woocommerce_thumbnail size-woocommerce_thumbnail wvs-archive-product-image\" alt=\"\" loading=\"eager\" \/><div class=\"eael-product-title\">\n                                <a href=\"https:\/\/evkusu.com.tr\/?product=kedi-biblo-seti-el-boyali-ev-dekorasyonu-heykeli-modern-raf-susu-gumus\" class=\"woocommerce-LoopProduct-link woocommerce-loop-product__link\"><h2 class=\"woocommerce-loop-product__title\">Kedi Biblo  Seti \u2013 El Boyal\u0131 Ev Dekorasyonu Heykeli, Modern Raf S\u00fcs\u00fc, G\u00fcm\u00fc\u015f<\/h2><\/a><\/div><div class=\"eael-star-rating star-rating\"><span style=\"width:0%\">5 \u00fczerinden <strong class=\"rating\">0<\/strong> oy ald\u0131<\/span><\/div><div class=\"eael-product-price\"><del><span class=\"woocommerce-Price-amount amount\"><span class=\"woocommerce-Price-currencySymbol\">&#8378;<\/span>1.900,00<\/span><\/del> <span class=\"screen-reader-text\">Orijinal fiyat: &#8378;1.900,00.<\/span><ins><span class=\"woocommerce-Price-amount amount\"><span class=\"woocommerce-Price-currencySymbol\">&#8378;<\/span>1.599,00<\/span><\/ins><span class=\"screen-reader-text\">\u015eu andaki fiyat: &#8378;1.599,00.<\/span><\/div>            <a href=\"?add-to-cart=1435\" aria-describedby=\"woocommerce_loop_add_to_cart_link_describedby_1435\" data-quantity=\"1\" class=\"button product_type_simple add_to_cart_button ajax_add_to_cart\" data-product_id=\"1435\" data-product_sku=\"\" aria-label=\"Sepete ekle: \u201cKedi Biblo  Seti \u2013 El Boyal\u0131 Ev Dekorasyonu Heykeli, Modern Raf S\u00fcs\u00fc, G\u00fcm\u00fc\u015f\u201d\" rel=\"nofollow\" data-success_message=\"&quot;Kedi Biblo  Seti \u2013 El Boyal\u0131 Ev Dekorasyonu Heykeli, Modern Raf S\u00fcs\u00fc, G\u00fcm\u00fc\u015f&quot; sepetinize eklendi\">Sepete Ekle<\/a>\t<span id=\"woocommerce_loop_add_to_cart_link_describedby_1435\" class=\"screen-reader-text\">\n\t\t\t<\/span>\n                    <\/div>\n\n    <\/li>\n\t    <li class=\"product \">\n\t\t        <div class=\"eael-product-wrap\">\n\t\t\t<img decoding=\"async\" width=\"300\" height=\"300\" src=\"https:\/\/evkusu.com.tr\/wp-content\/uploads\/2025\/04\/2-13-300x300.avif\" class=\"attachment-woocommerce_thumbnail size-woocommerce_thumbnail wvs-archive-product-image\" alt=\"kedi biblo seti\" loading=\"eager\" \/><div class=\"eael-product-title\">\n                                <a href=\"https:\/\/evkusu.com.tr\/?product=kedi-biblo-seti-el-boyali-ev-dekorasyonu-heykeli-modern-raf-susu-karma-renk\" class=\"woocommerce-LoopProduct-link woocommerce-loop-product__link\"><h2 class=\"woocommerce-loop-product__title\">Kedi Biblo  Seti \u2013 El Boyal\u0131 Ev Dekorasyonu Heykeli, Modern Raf S\u00fcs\u00fc, Karma Renk<\/h2><\/a><\/div><div class=\"eael-star-rating star-rating\"><span style=\"width:0%\">5 \u00fczerinden <strong class=\"rating\">0<\/strong> oy ald\u0131<\/span><\/div><div class=\"eael-product-price\"><del><span class=\"woocommerce-Price-amount amount\"><span class=\"woocommerce-Price-currencySymbol\">&#8378;<\/span>1.900,00<\/span><\/del> <span class=\"screen-reader-text\">Orijinal fiyat: &#8378;1.900,00.<\/span><ins><span class=\"woocommerce-Price-amount amount\"><span class=\"woocommerce-Price-currencySymbol\">&#8378;<\/span>1.599,00<\/span><\/ins><span class=\"screen-reader-text\">\u015eu andaki fiyat: &#8378;1.599,00.<\/span><\/div>            <a href=\"?add-to-cart=1433\" aria-describedby=\"woocommerce_loop_add_to_cart_link_describedby_1433\" data-quantity=\"1\" class=\"button product_type_simple add_to_cart_button ajax_add_to_cart\" data-product_id=\"1433\" data-product_sku=\"\" aria-label=\"Sepete ekle: \u201cKedi Biblo  Seti \u2013 El Boyal\u0131 Ev Dekorasyonu Heykeli, Modern Raf S\u00fcs\u00fc, Karma Renk\u201d\" rel=\"nofollow\" data-success_message=\"&quot;Kedi Biblo  Seti \u2013 El Boyal\u0131 Ev Dekorasyonu Heykeli, Modern Raf S\u00fcs\u00fc, Karma Renk&quot; sepetinize eklendi\">Sepete Ekle<\/a>\t<span id=\"woocommerce_loop_add_to_cart_link_describedby_1433\" class=\"screen-reader-text\">\n\t\t\t<\/span>\n                    <\/div>\n\n    <\/li>\n\t<\/ul>            <div class=\"eael-load-more-button-wrap eael-force-hide\">\n                <button class=\"eael-load-more-button\" id=\"eael-load-more-btn-c3caa38\" data-widget-id=\"c3caa38\" data-widget=\"c3caa38\" data-page-id=\"12\" data-template=\"{&quot;dir&quot;:&quot;lite&quot;,&quot;file_name&quot;:&quot;default.php&quot;,&quot;name&quot;:&quot;Eicon-Woocommerce&quot;}\" data-class=\"Essential_Addons_Elementor\\Elements\\Product_Grid\" data-layout=\"masonry\" data-page=\"1\" data-args=\"post_type=product&amp;post_status%5B0%5D=publish&amp;post_status%5B1%5D=pending&amp;post_status%5B2%5D=future&amp;posts_per_page=4&amp;order=desc&amp;offset=0&amp;post__not_in%5B0%5D=12&amp;tax_query%5Brelation%5D=AND&amp;tax_query%5B0%5D%5Btaxonomy%5D=product_visibility&amp;tax_query%5B0%5D%5Bfield%5D=name&amp;tax_query%5B0%5D%5Bterms%5D%5B0%5D=exclude-from-search&amp;tax_query%5B0%5D%5Bterms%5D%5B1%5D=exclude-from-catalog&amp;tax_query%5B0%5D%5Boperator%5D=NOT+IN&amp;orderby=date&amp;meta_query%5Brelation%5D=AND&amp;total_post=115\" data-max-page=\"29\">\n                    <span class=\"eael-btn-loader button__loader\"><\/span>\n                    <span class=\"eael_load_more_text\"><\/span>\n                <\/button>\n            <\/div>\n                        <\/div>\n        <\/div>\n\n        <script type=\"text\/javascript\">\n            jQuery(document).ready(function($) {\n                var $scope = jQuery(\".elementor-element-c3caa38\");\n                var $products = $('.products', $scope);\n                var $layout_mode = $products.data('layout-mode');\n                \n                if ( $layout_mode === 'masonry' ) {\n                    \/\/ init isotope\n                    var $isotope_products = $products.isotope({\n                        itemSelector: \"li.product\",\n                        layoutMode: $layout_mode,\n                        percentPosition: true\n                    });\n\n                    $isotope_products.imagesLoaded().progress( function() {\n                        $isotope_products.isotope('layout');\n                    })\n                    \n                }\n            });\n        <\/script>\n        \t\t\t\t<\/div>\n\t\t\t\t<\/div>\n\t\t\t\t\t<\/div>\n\t\t\t\t<\/div>\n\t\t<div class=\"elementor-element elementor-element-0ee292e e-flex e-con-boxed e-con e-parent\" data-id=\"0ee292e\" data-element_type=\"container\">\n\t\t\t\t\t<div class=\"e-con-inner\">\n\t\t\t\t<div class=\"elementor-element elementor-element-aea35e8 elementor-widget elementor-widget-image\" data-id=\"aea35e8\" data-element_type=\"widget\" data-widget_type=\"image.default\">\n\t\t\t\t<div class=\"elementor-widget-container\">\n\t\t\t\t\t\t\t\t\t\t\t\t\t\t\t<img decoding=\"async\" src=\"https:\/\/evkusu.com.tr\/wp-content\/uploads\/elementor\/thumbs\/UCRETIZ-SEVKIYAT-1240x300-1-png-r4a0jwe2r4xop45xlt5yiynh9gjlf9s4l95sxmgt6g.avif\" title=\"\u00dcCRET\u0130Z SEVK\u0130YAT 1240&#215;300\" alt=\"\u00dcCRET\u0130Z SEVK\u0130YAT 1240x300\" loading=\"lazy\" \/>\t\t\t\t\t\t\t\t\t\t\t\t\t\t\t<\/div>\n\t\t\t\t<\/div>\n\t\t\t\t\t<\/div>\n\t\t\t\t<\/div>\n\t\t\t\t<\/div>\n\t\t","protected":false},"excerpt":{"rendered":"<p>Banyo Mutfak Ev Tekstili Dekoratif Son Eklenen \u00dcr\u00fcnler Vintage Ku\u011fu Heykel Seti \u2013 Ev Dekorasyonu i\u00e7in El Yap\u0131m\u0131 Dekoratif Heykeller, Antik Gold 5 \u00fczerinden 0 oy ald\u0131&#8378;2.399,00 Orijinal fiyat: &#8378;2.399,00.&#8378;1.499,00\u015eu andaki fiyat: &#8378;1.499,00. Sepete Ekle Vintage Ku\u011fu Heykel Seti \u2013 &hellip; <\/p>\n","protected":false},"author":2,"featured_media":0,"parent":0,"menu_order":0,"comment_status":"closed","ping_status":"closed","template":"elementor_header_footer","meta":{"om_disable_all_campaigns":false,"_monsterinsights_skip_tracking":false,"_monsterinsights_sitenote_active":false,"_monsterinsights_sitenote_note":"","_monsterinsights_sitenote_category":0,"footnotes":""},"class_list":["post-12","page","type-page","status-publish","hentry","latest_post"],"aioseo_notices":[],"_links":{"self":[{"href":"https:\/\/evkusu.com.tr\/index.php?rest_route=\/wp\/v2\/pages\/12","targetHints":{"allow":["GET"]}}],"collection":[{"href":"https:\/\/evkusu.com.tr\/index.php?rest_route=\/wp\/v2\/pages"}],"about":[{"href":"https:\/\/evkusu.com.tr\/index.php?rest_route=\/wp\/v2\/types\/page"}],"author":[{"embeddable":true,"href":"https:\/\/evkusu.com.tr\/index.php?rest_route=\/wp\/v2\/users\/2"}],"replies":[{"embeddable":true,"href":"https:\/\/evkusu.com.tr\/index.php?rest_route=%2Fwp%2Fv2%2Fcomments&post=12"}],"version-history":[{"count":84,"href":"https:\/\/evkusu.com.tr\/index.php?rest_route=\/wp\/v2\/pages\/12\/revisions"}],"predecessor-version":[{"id":1609,"href":"https:\/\/evkusu.com.tr\/index.php?rest_route=\/wp\/v2\/pages\/12\/revisions\/1609"}],"wp:attachment":[{"href":"https:\/\/evkusu.com.tr\/index.php?rest_route=%2Fwp%2Fv2%2Fmedia&parent=12"}],"curies":[{"name":"wp","href":"https:\/\/api.w.org\/{rel}","templated":true}]}}